{"id":619,"date":"2022-02-11T21:55:32","date_gmt":"2022-02-11T20:55:32","guid":{"rendered":"https:\/\/atelieralaiseensoimeme.jcbl.fr\/?page_id=619"},"modified":"2022-02-17T09:25:26","modified_gmt":"2022-02-17T08:25:26","slug":"offres-de-latelier","status":"publish","type":"page","link":"https:\/\/atelieralaiseensoimeme.jcbl.fr\/?page_id=619","title":{"rendered":"Offres de l&rsquo;Atelier"},"content":{"rendered":"\n<p><a href=\"https:\/\/atelieralaiseensoimeme.jcbl.fr\/?page_id=38\">Christiane Bopp-Limoge<\/a> vous re\u00e7oit \u00e0 l&rsquo;Atelier seul.e, ou \u00e0 2, ou en groupe, ou en famille, ou se d\u00e9place en entreprise. Ensemble, vous et moi, nous faisons \u00e9quipe pour vous aider \u00e0 vous mettre \u00e0 l&rsquo;aise afin de cheminer vers votre objectif. Vous pratiquez l&rsquo;autoformation avec mon soutien pour voler ensuite de vos propres ailes.<\/p>\n\n\n\n<div class=\"wp-block-columns is-layout-flex wp-container-core-columns-is-layout-9d6595d7 wp-block-columns-is-layout-flex\">\n<div class=\"wp-block-column is-layout-flow wp-block-column-is-layout-flow\" style=\"flex-basis:50%\">\n<div class=\"wp-block-columns is-layout-flex wp-container-core-columns-is-layout-9d6595d7 wp-block-columns-is-layout-flex\">\n<div class=\"wp-block-column is-layout-flow wp-block-column-is-layout-flow\" style=\"flex-basis:100%\">\n<p>Ateliers <a href=\"https:\/\/atelieralaiseensoimeme.jcbl.fr\/?page_id=222\" data-wplink-edit=\"true\">individuels<\/a> pour vous accompagner sur la recherche de votre potentiel en vous entra\u00eenant \u00e0 vous mettre \u00e0 l\u2019aise en vous-m\u00eame. A vous de d\u00e9terminer vers quoi vous voulez aller&#8230;<\/p>\n<p>Ateliers <a href=\"https:\/\/atelieralaiseensoimeme.jcbl.fr\/?page_id=224\">en Groupe<\/a> pour s&rsquo;entraider, exp\u00e9rimenter, entra\u00eener et acqu\u00e9rir une technique, trouver ensemble des solutions \u00e0 partir d&rsquo;une probl\u00e9matique commune, &#8230;<\/p>\n<p>Ateliers <a href=\"https:\/\/atelieralaiseensoimeme.jcbl.fr\/?page_id=226\">en entreprise<\/a> pour se mettre \u00e0 l&rsquo;aise, en confiance, en s\u00e9curit\u00e9 dans le travail ensemble et avec le public et acqu\u00e9rir et exp\u00e9rimenter des outils, analyser, \u00e9valuer les pratiques, &#8230;<\/p>\n<\/div>\n<\/div>\n<\/div>\n\n\n\n<div class=\"wp-block-column is-vertically-aligned-center is-layout-flow wp-block-column-is-layout-flow\" style=\"flex-basis:50%\">\n<p class=\"has-text-align-left\">Ateliers <a href=\"https:\/\/atelieralaiseensoimeme.jcbl.fr\/?page_id=223\">\u00e0 2<\/a> pour vous mettre \u00e0 l&rsquo;aise en vous-m\u00eame dans la relation \u00e0 l&rsquo;autre, votre conjoint, en fratrie, avec un enfant, avec un parent, avec un.ami.e, un.e coll\u00e8gue, &#8230;<\/p>\n\n\n\n<p>Ateliers <a href=\"https:\/\/atelieralaiseensoimeme.jcbl.fr\/?page_id=225\">en famille<\/a> pour exp\u00e9rimenter et s&rsquo;entraider \u00e0 se mettre plus \u00e0 l&rsquo;aise en famille, en confiance, en s\u00e9curit\u00e9, face \u00e0 des \u00e9v\u00e8nements, ou pour faire avancer un projet commun, &#8230;<\/p>\n\n\n\n<p><a href=\"https:\/\/atelieralaiseensoimeme.jcbl.fr\/?page_id=245\">Outils<\/a> propos\u00e9s : veuillez vous rendre \u00e0 la page d\u00e9di\u00e9e en cliquant ici, ou \u00e0 partir du menu.<\/p>\n<\/div>\n<\/div>\n\n\n\n<p><\/p>\n\n\n\n<p><\/p>\n\n\n\n<p><\/p>\n\n\n\n<p><\/p>\n\n\n\n<p><\/p>\n\n\n\n<p><\/p>\n\n\n\n<p><\/p>\n","protected":false},"excerpt":{"rendered":"<p>Christiane Bopp-Limoge vous re\u00e7oit \u00e0 l&rsquo;Atelier seul.e, ou \u00e0 2, ou en groupe, ou en famille, ou se d\u00e9place en entreprise. Ensemble, vous et moi, nous faisons \u00e9quipe pour vous aider \u00e0 vous mettre \u00e0 l&rsquo;aise afin de cheminer vers votre objectif. Vous pratiquez l&rsquo;autoformation avec mon soutien pour voler ensuite de vos propres ailes. [&hellip;]<\/p>\n","protected":false},"author":1,"featured_media":0,"parent":0,"menu_order":0,"comment_status":"closed","ping_status":"closed","template":"","meta":{"footnotes":""},"class_list":["post-619","page","type-page","status-publish","hentry"],"yoast_head":"<!-- This site is optimized with the Yoast SEO plugin v27.5 - https:\/\/yoast.com\/product\/yoast-seo-wordpress\/ -->\n<title>Offres de l&#039;Atelier - ATELIER A L AISE EN SOI MEME<\/title>\n<meta name=\"description\" content=\"Diverses formations propos\u00e9es par Christiane BOPP-LIMOGE dans l&quot;Atelier \u00e0 l&#039;aise en soi-m\u00eame, pour d\u00e9velopper ses comp\u00e9tences et assurer ses \u00e9quilibres.\" \/>\n<meta name=\"robots\" content=\"noindex, follow, max-snippet:-1, max-image-preview:large, max-video-preview:-1\" \/>\n<meta property=\"og:locale\" content=\"fr_FR\" \/>\n<meta property=\"og:type\" content=\"article\" \/>\n<meta property=\"og:title\" content=\"Offres de l&#039;Atelier - ATELIER A L AISE EN SOI MEME\" \/>\n<meta property=\"og:description\" content=\"Diverses formations propos\u00e9es par Christiane BOPP-LIMOGE dans l&quot;Atelier \u00e0 l&#039;aise en soi-m\u00eame, pour d\u00e9velopper ses comp\u00e9tences et assurer ses \u00e9quilibres.\" \/>\n<meta property=\"og:url\" content=\"https:\/\/atelieralaiseensoimeme.jcbl.fr\/?page_id=619\" \/>\n<meta property=\"og:site_name\" content=\"ATELIER A L AISE EN SOI MEME\" \/>\n<meta property=\"article:modified_time\" content=\"2022-02-17T08:25:26+00:00\" \/>\n<meta name=\"twitter:card\" content=\"summary_large_image\" \/>\n<meta name=\"twitter:label1\" content=\"Dur\u00e9e de lecture estim\u00e9e\" \/>\n\t<meta name=\"twitter:data1\" content=\"2 minutes\" \/>\n<script type=\"application\/ld+json\" class=\"yoast-schema-graph\">{\"@context\":\"https:\\\/\\\/schema.org\",\"@graph\":[{\"@type\":\"WebPage\",\"@id\":\"https:\\\/\\\/atelieralaiseensoimeme.jcbl.fr\\\/?page_id=619\",\"url\":\"https:\\\/\\\/atelieralaiseensoimeme.jcbl.fr\\\/?page_id=619\",\"name\":\"Offres de l'Atelier - ATELIER A L AISE EN SOI MEME\",\"isPartOf\":{\"@id\":\"https:\\\/\\\/atelieralaiseensoimeme.jcbl.fr\\\/#website\"},\"datePublished\":\"2022-02-11T20:55:32+00:00\",\"dateModified\":\"2022-02-17T08:25:26+00:00\",\"description\":\"Diverses formations propos\u00e9es par Christiane BOPP-LIMOGE dans l\\\"Atelier \u00e0 l'aise en soi-m\u00eame, pour d\u00e9velopper ses comp\u00e9tences et assurer ses \u00e9quilibres.\",\"breadcrumb\":{\"@id\":\"https:\\\/\\\/atelieralaiseensoimeme.jcbl.fr\\\/?page_id=619#breadcrumb\"},\"inLanguage\":\"fr-FR\",\"potentialAction\":[{\"@type\":\"ReadAction\",\"target\":[\"https:\\\/\\\/atelieralaiseensoimeme.jcbl.fr\\\/?page_id=619\"]}]},{\"@type\":\"BreadcrumbList\",\"@id\":\"https:\\\/\\\/atelieralaiseensoimeme.jcbl.fr\\\/?page_id=619#breadcrumb\",\"itemListElement\":[{\"@type\":\"ListItem\",\"position\":1,\"name\":\"Accueil\",\"item\":\"https:\\\/\\\/atelieralaiseensoimeme.jcbl.fr\\\/\"},{\"@type\":\"ListItem\",\"position\":2,\"name\":\"Offres de l&#8217;Atelier\"}]},{\"@type\":\"WebSite\",\"@id\":\"https:\\\/\\\/atelieralaiseensoimeme.jcbl.fr\\\/#website\",\"url\":\"https:\\\/\\\/atelieralaiseensoimeme.jcbl.fr\\\/\",\"name\":\"ATELIER A L AISE EN SOI MEME\",\"description\":\"Comp\u00e9tences et \u00e9quilibres\",\"publisher\":{\"@id\":\"https:\\\/\\\/atelieralaiseensoimeme.jcbl.fr\\\/#organization\"},\"potentialAction\":[{\"@type\":\"SearchAction\",\"target\":{\"@type\":\"EntryPoint\",\"urlTemplate\":\"https:\\\/\\\/atelieralaiseensoimeme.jcbl.fr\\\/?s={search_term_string}\"},\"query-input\":{\"@type\":\"PropertyValueSpecification\",\"valueRequired\":true,\"valueName\":\"search_term_string\"}}],\"inLanguage\":\"fr-FR\"},{\"@type\":\"Organization\",\"@id\":\"https:\\\/\\\/atelieralaiseensoimeme.jcbl.fr\\\/#organization\",\"name\":\"ATELIER A L'AISE EN SOI-MEME\",\"url\":\"https:\\\/\\\/atelieralaiseensoimeme.jcbl.fr\\\/\",\"logo\":{\"@type\":\"ImageObject\",\"inLanguage\":\"fr-FR\",\"@id\":\"https:\\\/\\\/atelieralaiseensoimeme.jcbl.fr\\\/#\\\/schema\\\/logo\\\/image\\\/\",\"url\":\"https:\\\/\\\/atelieralaiseensoimeme.jcbl.fr\\\/wp-content\\\/uploads\\\/2022\\\/01\\\/cropped-40380018_mOptimized.jpg\",\"contentUrl\":\"https:\\\/\\\/atelieralaiseensoimeme.jcbl.fr\\\/wp-content\\\/uploads\\\/2022\\\/01\\\/cropped-40380018_mOptimized.jpg\",\"width\":512,\"height\":512,\"caption\":\"ATELIER A L'AISE EN SOI-MEME\"},\"image\":{\"@id\":\"https:\\\/\\\/atelieralaiseensoimeme.jcbl.fr\\\/#\\\/schema\\\/logo\\\/image\\\/\"}}]}<\/script>\n<!-- \/ Yoast SEO plugin. -->","yoast_head_json":{"title":"Offres de l'Atelier - ATELIER A L AISE EN SOI MEME","description":"Diverses formations propos\u00e9es par Christiane BOPP-LIMOGE dans l\"Atelier \u00e0 l'aise en soi-m\u00eame, pour d\u00e9velopper ses comp\u00e9tences et assurer ses \u00e9quilibres.","robots":{"index":"noindex","follow":"follow","max-snippet":"max-snippet:-1","max-image-preview":"max-image-preview:large","max-video-preview":"max-video-preview:-1"},"og_locale":"fr_FR","og_type":"article","og_title":"Offres de l'Atelier - ATELIER A L AISE EN SOI MEME","og_description":"Diverses formations propos\u00e9es par Christiane BOPP-LIMOGE dans l\"Atelier \u00e0 l'aise en soi-m\u00eame, pour d\u00e9velopper ses comp\u00e9tences et assurer ses \u00e9quilibres.","og_url":"https:\/\/atelieralaiseensoimeme.jcbl.fr\/?page_id=619","og_site_name":"ATELIER A L AISE EN SOI MEME","article_modified_time":"2022-02-17T08:25:26+00:00","twitter_card":"summary_large_image","twitter_misc":{"Dur\u00e9e de lecture estim\u00e9e":"2 minutes"},"schema":{"@context":"https:\/\/schema.org","@graph":[{"@type":"WebPage","@id":"https:\/\/atelieralaiseensoimeme.jcbl.fr\/?page_id=619","url":"https:\/\/atelieralaiseensoimeme.jcbl.fr\/?page_id=619","name":"Offres de l'Atelier - ATELIER A L AISE EN SOI MEME","isPartOf":{"@id":"https:\/\/atelieralaiseensoimeme.jcbl.fr\/#website"},"datePublished":"2022-02-11T20:55:32+00:00","dateModified":"2022-02-17T08:25:26+00:00","description":"Diverses formations propos\u00e9es par Christiane BOPP-LIMOGE dans l\"Atelier \u00e0 l'aise en soi-m\u00eame, pour d\u00e9velopper ses comp\u00e9tences et assurer ses \u00e9quilibres.","breadcrumb":{"@id":"https:\/\/atelieralaiseensoimeme.jcbl.fr\/?page_id=619#breadcrumb"},"inLanguage":"fr-FR","potentialAction":[{"@type":"ReadAction","target":["https:\/\/atelieralaiseensoimeme.jcbl.fr\/?page_id=619"]}]},{"@type":"BreadcrumbList","@id":"https:\/\/atelieralaiseensoimeme.jcbl.fr\/?page_id=619#breadcrumb","itemListElement":[{"@type":"ListItem","position":1,"name":"Accueil","item":"https:\/\/atelieralaiseensoimeme.jcbl.fr\/"},{"@type":"ListItem","position":2,"name":"Offres de l&#8217;Atelier"}]},{"@type":"WebSite","@id":"https:\/\/atelieralaiseensoimeme.jcbl.fr\/#website","url":"https:\/\/atelieralaiseensoimeme.jcbl.fr\/","name":"ATELIER A L AISE EN SOI MEME","description":"Comp\u00e9tences et \u00e9quilibres","publisher":{"@id":"https:\/\/atelieralaiseensoimeme.jcbl.fr\/#organization"},"potentialAction":[{"@type":"SearchAction","target":{"@type":"EntryPoint","urlTemplate":"https:\/\/atelieralaiseensoimeme.jcbl.fr\/?s={search_term_string}"},"query-input":{"@type":"PropertyValueSpecification","valueRequired":true,"valueName":"search_term_string"}}],"inLanguage":"fr-FR"},{"@type":"Organization","@id":"https:\/\/atelieralaiseensoimeme.jcbl.fr\/#organization","name":"ATELIER A L'AISE EN SOI-MEME","url":"https:\/\/atelieralaiseensoimeme.jcbl.fr\/","logo":{"@type":"ImageObject","inLanguage":"fr-FR","@id":"https:\/\/atelieralaiseensoimeme.jcbl.fr\/#\/schema\/logo\/image\/","url":"https:\/\/atelieralaiseensoimeme.jcbl.fr\/wp-content\/uploads\/2022\/01\/cropped-40380018_mOptimized.jpg","contentUrl":"https:\/\/atelieralaiseensoimeme.jcbl.fr\/wp-content\/uploads\/2022\/01\/cropped-40380018_mOptimized.jpg","width":512,"height":512,"caption":"ATELIER A L'AISE EN SOI-MEME"},"image":{"@id":"https:\/\/atelieralaiseensoimeme.jcbl.fr\/#\/schema\/logo\/image\/"}}]}},"_links":{"self":[{"href":"https:\/\/atelieralaiseensoimeme.jcbl.fr\/index.php?rest_route=\/wp\/v2\/pages\/619","targetHints":{"allow":["GET"]}}],"collection":[{"href":"https:\/\/atelieralaiseensoimeme.jcbl.fr\/index.php?rest_route=\/wp\/v2\/pages"}],"about":[{"href":"https:\/\/atelieralaiseensoimeme.jcbl.fr\/index.php?rest_route=\/wp\/v2\/types\/page"}],"author":[{"embeddable":true,"href":"https:\/\/atelieralaiseensoimeme.jcbl.fr\/index.php?rest_route=\/wp\/v2\/users\/1"}],"replies":[{"embeddable":true,"href":"https:\/\/atelieralaiseensoimeme.jcbl.fr\/index.php?rest_route=%2Fwp%2Fv2%2Fcomments&post=619"}],"version-history":[{"count":7,"href":"https:\/\/atelieralaiseensoimeme.jcbl.fr\/index.php?rest_route=\/wp\/v2\/pages\/619\/revisions"}],"predecessor-version":[{"id":663,"href":"https:\/\/atelieralaiseensoimeme.jcbl.fr\/index.php?rest_route=\/wp\/v2\/pages\/619\/revisions\/663"}],"wp:attachment":[{"href":"https:\/\/atelieralaiseensoimeme.jcbl.fr\/index.php?rest_route=%2Fwp%2Fv2%2Fmedia&parent=619"}],"curies":[{"name":"wp","href":"https:\/\/api.w.org\/{rel}","templated":true}]}}