{"id":39,"date":"2022-01-06T13:55:09","date_gmt":"2022-01-06T13:55:09","guid":{"rendered":"https:\/\/atelieralaiseensoimeme.live-website.com\/?page_id=39"},"modified":"2022-03-23T07:50:35","modified_gmt":"2022-03-23T06:50:35","slug":"contact","status":"publish","type":"page","link":"https:\/\/atelieralaiseensoimeme.jcbl.fr\/?page_id=39","title":{"rendered":"Contact"},"content":{"rendered":"\n<p><strong>Le site est actuellement d\u00e9connect\u00e9 : aucun Rendez-vous ne peut \u00eatre fix\u00e9 pour l\u2019instant. Merci de comprendre cette situation, et cette mention dispara\u00eetra d\u00e8s que le site retrouvera son fonctionnement normal.<\/strong><\/p>\n\n\n\n<h2 class=\"wp-block-heading\" id=\"par-telephone\">Par t\u00e9l\u00e9phone :<\/h2>\n\n\n\n<p>Depuis la France 06           . De l&rsquo;\u00e9tranger : +33 6 <\/p>\n\n\n\n<p>Vous pouvez laisser un message vocal ou \u00e9crire un SMS. <\/p>\n\n\n\n<h2 class=\"wp-block-heading\" id=\"par-mail\">Par mail :<\/h2>\n\n\n\n<p>Merci d&rsquo;utiliser le formulaire de contact ci-dessous (une fois celui-ci compl\u00e9t\u00e9, cliquez sur \u00ab\u00a0Envoyer\u00a0\u00bb) :<\/p>\n\n\n\n<h2 class=\"wp-block-heading\" id=\"formulaire-de-contact\">Formulaire de contact :<\/h2>\n","protected":false},"excerpt":{"rendered":"<p>Le site est actuellement d\u00e9connect\u00e9 : aucun Rendez-vous ne peut \u00eatre fix\u00e9 pour l\u2019instant. Merci de comprendre cette situation, et cette mention dispara\u00eetra d\u00e8s que le site retrouvera son fonctionnement normal. Par t\u00e9l\u00e9phone : Depuis la France 06 . De l&rsquo;\u00e9tranger : +33 6 Vous pouvez laisser un message vocal ou \u00e9crire un SMS. Par [&hellip;]<\/p>\n","protected":false},"author":1,"featured_media":0,"parent":0,"menu_order":0,"comment_status":"closed","ping_status":"closed","template":"","meta":{"footnotes":""},"class_list":["post-39","page","type-page","status-publish","hentry"],"yoast_head":"<!-- This site is optimized with the Yoast SEO plugin v27.5 - https:\/\/yoast.com\/product\/yoast-seo-wordpress\/ -->\n<title>Contact - ATELIER A L AISE EN SOI MEME<\/title>\n<meta name=\"robots\" content=\"noindex, follow, max-snippet:-1, max-image-preview:large, max-video-preview:-1\" \/>\n<meta property=\"og:locale\" content=\"fr_FR\" \/>\n<meta property=\"og:type\" content=\"article\" \/>\n<meta property=\"og:title\" content=\"Contact - ATELIER A L AISE EN SOI MEME\" \/>\n<meta property=\"og:description\" content=\"Le site est actuellement d\u00e9connect\u00e9 : aucun Rendez-vous ne peut \u00eatre fix\u00e9 pour l\u2019instant. Merci de comprendre cette situation, et cette mention dispara\u00eetra d\u00e8s que le site retrouvera son fonctionnement normal. Par t\u00e9l\u00e9phone : Depuis la France 06 . De l&rsquo;\u00e9tranger : +33 6 Vous pouvez laisser un message vocal ou \u00e9crire un SMS. Par [&hellip;]\" \/>\n<meta property=\"og:url\" content=\"https:\/\/atelieralaiseensoimeme.jcbl.fr\/?page_id=39\" \/>\n<meta property=\"og:site_name\" content=\"ATELIER A L AISE EN SOI MEME\" \/>\n<meta property=\"article:modified_time\" content=\"2022-03-23T06:50:35+00:00\" \/>\n<meta name=\"twitter:card\" content=\"summary_large_image\" \/>\n<meta name=\"twitter:label1\" content=\"Dur\u00e9e de lecture estim\u00e9e\" \/>\n\t<meta name=\"twitter:data1\" content=\"1 minute\" \/>\n<script type=\"application\/ld+json\" class=\"yoast-schema-graph\">{\"@context\":\"https:\\\/\\\/schema.org\",\"@graph\":[{\"@type\":\"WebPage\",\"@id\":\"https:\\\/\\\/atelieralaiseensoimeme.jcbl.fr\\\/?page_id=39\",\"url\":\"https:\\\/\\\/atelieralaiseensoimeme.jcbl.fr\\\/?page_id=39\",\"name\":\"Contact - ATELIER A L AISE EN SOI MEME\",\"isPartOf\":{\"@id\":\"https:\\\/\\\/atelieralaiseensoimeme.jcbl.fr\\\/#website\"},\"datePublished\":\"2022-01-06T13:55:09+00:00\",\"dateModified\":\"2022-03-23T06:50:35+00:00\",\"breadcrumb\":{\"@id\":\"https:\\\/\\\/atelieralaiseensoimeme.jcbl.fr\\\/?page_id=39#breadcrumb\"},\"inLanguage\":\"fr-FR\",\"potentialAction\":[{\"@type\":\"ReadAction\",\"target\":[\"https:\\\/\\\/atelieralaiseensoimeme.jcbl.fr\\\/?page_id=39\"]}]},{\"@type\":\"BreadcrumbList\",\"@id\":\"https:\\\/\\\/atelieralaiseensoimeme.jcbl.fr\\\/?page_id=39#breadcrumb\",\"itemListElement\":[{\"@type\":\"ListItem\",\"position\":1,\"name\":\"Accueil\",\"item\":\"https:\\\/\\\/atelieralaiseensoimeme.jcbl.fr\\\/\"},{\"@type\":\"ListItem\",\"position\":2,\"name\":\"Contact\"}]},{\"@type\":\"WebSite\",\"@id\":\"https:\\\/\\\/atelieralaiseensoimeme.jcbl.fr\\\/#website\",\"url\":\"https:\\\/\\\/atelieralaiseensoimeme.jcbl.fr\\\/\",\"name\":\"ATELIER A L AISE EN SOI MEME\",\"description\":\"Comp\u00e9tences et \u00e9quilibres\",\"publisher\":{\"@id\":\"https:\\\/\\\/atelieralaiseensoimeme.jcbl.fr\\\/#organization\"},\"potentialAction\":[{\"@type\":\"SearchAction\",\"target\":{\"@type\":\"EntryPoint\",\"urlTemplate\":\"https:\\\/\\\/atelieralaiseensoimeme.jcbl.fr\\\/?s={search_term_string}\"},\"query-input\":{\"@type\":\"PropertyValueSpecification\",\"valueRequired\":true,\"valueName\":\"search_term_string\"}}],\"inLanguage\":\"fr-FR\"},{\"@type\":\"Organization\",\"@id\":\"https:\\\/\\\/atelieralaiseensoimeme.jcbl.fr\\\/#organization\",\"name\":\"ATELIER A L'AISE EN SOI-MEME\",\"url\":\"https:\\\/\\\/atelieralaiseensoimeme.jcbl.fr\\\/\",\"logo\":{\"@type\":\"ImageObject\",\"inLanguage\":\"fr-FR\",\"@id\":\"https:\\\/\\\/atelieralaiseensoimeme.jcbl.fr\\\/#\\\/schema\\\/logo\\\/image\\\/\",\"url\":\"https:\\\/\\\/atelieralaiseensoimeme.jcbl.fr\\\/wp-content\\\/uploads\\\/2022\\\/01\\\/cropped-40380018_mOptimized.jpg\",\"contentUrl\":\"https:\\\/\\\/atelieralaiseensoimeme.jcbl.fr\\\/wp-content\\\/uploads\\\/2022\\\/01\\\/cropped-40380018_mOptimized.jpg\",\"width\":512,\"height\":512,\"caption\":\"ATELIER A L'AISE EN SOI-MEME\"},\"image\":{\"@id\":\"https:\\\/\\\/atelieralaiseensoimeme.jcbl.fr\\\/#\\\/schema\\\/logo\\\/image\\\/\"}}]}<\/script>\n<!-- \/ Yoast SEO plugin. -->","yoast_head_json":{"title":"Contact - ATELIER A L AISE EN SOI MEME","robots":{"index":"noindex","follow":"follow","max-snippet":"max-snippet:-1","max-image-preview":"max-image-preview:large","max-video-preview":"max-video-preview:-1"},"og_locale":"fr_FR","og_type":"article","og_title":"Contact - ATELIER A L AISE EN SOI MEME","og_description":"Le site est actuellement d\u00e9connect\u00e9 : aucun Rendez-vous ne peut \u00eatre fix\u00e9 pour l\u2019instant. Merci de comprendre cette situation, et cette mention dispara\u00eetra d\u00e8s que le site retrouvera son fonctionnement normal. Par t\u00e9l\u00e9phone : Depuis la France 06 . De l&rsquo;\u00e9tranger : +33 6 Vous pouvez laisser un message vocal ou \u00e9crire un SMS. Par [&hellip;]","og_url":"https:\/\/atelieralaiseensoimeme.jcbl.fr\/?page_id=39","og_site_name":"ATELIER A L AISE EN SOI MEME","article_modified_time":"2022-03-23T06:50:35+00:00","twitter_card":"summary_large_image","twitter_misc":{"Dur\u00e9e de lecture estim\u00e9e":"1 minute"},"schema":{"@context":"https:\/\/schema.org","@graph":[{"@type":"WebPage","@id":"https:\/\/atelieralaiseensoimeme.jcbl.fr\/?page_id=39","url":"https:\/\/atelieralaiseensoimeme.jcbl.fr\/?page_id=39","name":"Contact - ATELIER A L AISE EN SOI MEME","isPartOf":{"@id":"https:\/\/atelieralaiseensoimeme.jcbl.fr\/#website"},"datePublished":"2022-01-06T13:55:09+00:00","dateModified":"2022-03-23T06:50:35+00:00","breadcrumb":{"@id":"https:\/\/atelieralaiseensoimeme.jcbl.fr\/?page_id=39#breadcrumb"},"inLanguage":"fr-FR","potentialAction":[{"@type":"ReadAction","target":["https:\/\/atelieralaiseensoimeme.jcbl.fr\/?page_id=39"]}]},{"@type":"BreadcrumbList","@id":"https:\/\/atelieralaiseensoimeme.jcbl.fr\/?page_id=39#breadcrumb","itemListElement":[{"@type":"ListItem","position":1,"name":"Accueil","item":"https:\/\/atelieralaiseensoimeme.jcbl.fr\/"},{"@type":"ListItem","position":2,"name":"Contact"}]},{"@type":"WebSite","@id":"https:\/\/atelieralaiseensoimeme.jcbl.fr\/#website","url":"https:\/\/atelieralaiseensoimeme.jcbl.fr\/","name":"ATELIER A L AISE EN SOI MEME","description":"Comp\u00e9tences et \u00e9quilibres","publisher":{"@id":"https:\/\/atelieralaiseensoimeme.jcbl.fr\/#organization"},"potentialAction":[{"@type":"SearchAction","target":{"@type":"EntryPoint","urlTemplate":"https:\/\/atelieralaiseensoimeme.jcbl.fr\/?s={search_term_string}"},"query-input":{"@type":"PropertyValueSpecification","valueRequired":true,"valueName":"search_term_string"}}],"inLanguage":"fr-FR"},{"@type":"Organization","@id":"https:\/\/atelieralaiseensoimeme.jcbl.fr\/#organization","name":"ATELIER A L'AISE EN SOI-MEME","url":"https:\/\/atelieralaiseensoimeme.jcbl.fr\/","logo":{"@type":"ImageObject","inLanguage":"fr-FR","@id":"https:\/\/atelieralaiseensoimeme.jcbl.fr\/#\/schema\/logo\/image\/","url":"https:\/\/atelieralaiseensoimeme.jcbl.fr\/wp-content\/uploads\/2022\/01\/cropped-40380018_mOptimized.jpg","contentUrl":"https:\/\/atelieralaiseensoimeme.jcbl.fr\/wp-content\/uploads\/2022\/01\/cropped-40380018_mOptimized.jpg","width":512,"height":512,"caption":"ATELIER A L'AISE EN SOI-MEME"},"image":{"@id":"https:\/\/atelieralaiseensoimeme.jcbl.fr\/#\/schema\/logo\/image\/"}}]}},"_links":{"self":[{"href":"https:\/\/atelieralaiseensoimeme.jcbl.fr\/index.php?rest_route=\/wp\/v2\/pages\/39","targetHints":{"allow":["GET"]}}],"collection":[{"href":"https:\/\/atelieralaiseensoimeme.jcbl.fr\/index.php?rest_route=\/wp\/v2\/pages"}],"about":[{"href":"https:\/\/atelieralaiseensoimeme.jcbl.fr\/index.php?rest_route=\/wp\/v2\/types\/page"}],"author":[{"embeddable":true,"href":"https:\/\/atelieralaiseensoimeme.jcbl.fr\/index.php?rest_route=\/wp\/v2\/users\/1"}],"replies":[{"embeddable":true,"href":"https:\/\/atelieralaiseensoimeme.jcbl.fr\/index.php?rest_route=%2Fwp%2Fv2%2Fcomments&post=39"}],"version-history":[{"count":13,"href":"https:\/\/atelieralaiseensoimeme.jcbl.fr\/index.php?rest_route=\/wp\/v2\/pages\/39\/revisions"}],"predecessor-version":[{"id":714,"href":"https:\/\/atelieralaiseensoimeme.jcbl.fr\/index.php?rest_route=\/wp\/v2\/pages\/39\/revisions\/714"}],"wp:attachment":[{"href":"https:\/\/atelieralaiseensoimeme.jcbl.fr\/index.php?rest_route=%2Fwp%2Fv2%2Fmedia&parent=39"}],"curies":[{"name":"wp","href":"https:\/\/api.w.org\/{rel}","templated":true}]}}