{"id":38,"date":"2022-01-06T13:55:09","date_gmt":"2022-01-06T13:55:09","guid":{"rendered":"https:\/\/atelieralaiseensoimeme.live-website.com\/?page_id=38"},"modified":"2022-03-13T13:20:40","modified_gmt":"2022-03-13T12:20:40","slug":"qui-suis-je","status":"publish","type":"page","link":"https:\/\/atelieralaiseensoimeme.jcbl.fr\/?page_id=38","title":{"rendered":"Mon CV"},"content":{"rendered":"\n<h2 class=\"wp-block-heading\" id=\"d-ou-je-viens\">D&rsquo;o\u00f9 je viens : <\/h2>\n\n\n\n<p>J&rsquo;ai grandi dans un milieu modeste. Je me demandais : Comment piloter ce corps ? O\u00f9 trouver le mode d&#8217;emploi de la vie terrestre ? Je cherchais comment devenir autonome. Souvent au d\u00e9but de ma vie j&rsquo;ai cherch\u00e9 \u00e0 emmener l&rsquo;Autre \u00e0 percevoir la beaut\u00e9 qui est en chacun. Je m&rsquo;\u00e9tais \u00e9loign\u00e9e de cet \u00e9lan avec les al\u00e9as de l&rsquo;existence. C&rsquo;est dans le lien \u00e0 l&rsquo;Autre, au cours de mes exp\u00e9riences en formation, que cette affinit\u00e9 est remont\u00e9e des profondeurs de mon \u00eatre et a refait surface dans ma vie : j&rsquo;avais d\u00e9couvert que l&rsquo;autonomisation est une affaire de rythme et de lien.<\/p>\n\n\n\n<h2 class=\"wp-block-heading\" id=\"avertissement\">AVERTISSEMENT<\/h2>\n\n\n\n<p>Ancien M\u00e9decin Psychiatre, psychoth\u00e9rapeute, <strong>j&rsquo;ai arr\u00eat\u00e9 d&rsquo;exercer<\/strong> <strong>dans ces domaines depuis le 3.12.2021<\/strong>.<\/p>\n\n\n\n<h2 class=\"wp-block-heading\" id=\"formations\">Formations<\/h2>\n\n\n\n<p>2021 : F\u00e9minin sacr\u00e9 avec Fr\u00e9d\u00e9rique Roussel &#8211; Les ar\u00f4mes de l&rsquo;alchimiste<\/p>\n\n\n\n<p>2019 \u00e0 2021 : Olfactoth\u00e9rapie 7 niveaux &#8211; <a href=\"https:\/\/www.olfactotherapie.com\/\" data-type=\"URL\" data-id=\"https:\/\/www.olfactotherapie.com\/\">https:\/\/www.olfactotherapie.com\/<\/a> Gilles fournil<\/p>\n\n\n\n<p>2019 \u00e0 2021 : HTSMA : <a href=\"https:\/\/www.mimethys.com\/\">https:\/\/www.mimethys.com\/<\/a> Eric Bardot<\/p>\n\n\n\n<ul class=\"wp-block-list\"><li>formation de base <\/li><li>modules compl\u00e9mentaires <ul><li>\u00ab\u00a0Corps et voix et th\u00e9rapie : de la surcharge mentale \u00e0 la plasticit\u00e9 relationnelle\u00a0\u00bb ;  <\/li><li>\u00ab\u00a0Dessin en Th\u00e9rapie Strat\u00e9gique\u00a0\u00bb   <\/li><\/ul><\/li><\/ul>\n\n\n\n<p>2019 : pratiques artistiques et psychocorporelles avec EMDR en s\u00e9jours de r\u00e9siliences pour enfants, ados, et tuteurs <a href=\"https:\/\/innocenceendanger.org\/\">https:\/\/innocenceendanger.org\/<\/a> <a href=\"https:\/\/www.inocenciaenpeligrocolombia.com\/\">https:\/\/www.inocenciaenpeligrocolombia.com\/<\/a><\/p>\n\n\n\n<p>2019 : Sonoth\u00e9rapie <a href=\"https:\/\/medson.net\/\" data-type=\"URL\" data-id=\"https:\/\/medson.net\/\">https:\/\/medson.net\/<\/a> Emmanuel Comte<\/p>\n\n\n\n<p>2018 et 2021 : Communication et coop\u00e9ration avec la nature <a href=\"http:\/\/selva-nature.fr\/\">http:\/\/selva-nature.fr\/<\/a> Sylvie Hetzel<\/p>\n\n\n\n<p>2018 et 2019 : stages sourcier <a href=\"http:\/\/www.geobiologie-tradition.fr\/\">http:\/\/www.geobiologie-tradition.fr\/<\/a>avec Gilbert Christmann <\/p>\n\n\n\n<p>2018 : Access The Bars <a href=\"https:\/\/www.accessconsciousness.com\/\">https:\/\/www.accessconsciousness.com\/<\/a><\/p>\n\n\n\n<p>2016 et 2017 : \u00e9nerg\u00e9tique chinoise et psychiatrie ; \u00e9nerg\u00e9tique chinoise et addictions, FAFORMEC, UNAFORMEC<\/p>\n\n\n\n<p>2015 et suivantes : Formations en harmonisation globale <a href=\"https:\/\/www.harmonisationglobale.com\/\">https:\/\/www.harmonisationglobale.com\/<\/a> Th\u00e9r\u00e8se Quill\u00e9, C\u00e9cile Fancello, Solange Cousin, Alexandra Bielkin<\/p>\n\n\n\n<p>2015 : Int\u00e9gration m\u00e9morielle <a href=\"https:\/\/dimensions-energetiques.com\/\">https:\/\/dimensions-energetiques.com\/<\/a> avec Joanne Moreau<\/p>\n\n\n\n<p>2014 et suivantes : Plusieurs s\u00e9minaires en Mindfulness dans diff\u00e9rents instituts, dont <a href=\"https:\/\/www.mimethys.com\/\">https:\/\/www.mimethys.com\/<\/a><\/p>\n\n\n\n<p>2013 : Praticien IGA <a href=\"http:\/\/iga-asso.fr\/\">http:\/\/iga-asso.fr\/<\/a><\/p>\n\n\n\n<p>2010 et suivantes : Formations en EMDR : <a rel=\"noreferrer noopener\" href=\"https:\/\/www.ifemdr.fr\/\" target=\"_blank\">https:\/\/www.ifemdr.fr\/<\/a><\/p>\n\n\n\n<ul class=\"wp-block-list\"><li>Formation EMDR initiale niveau 1 et 2 puis certification EMDR Europe<\/li><li>Formation EMDR enfants niveau 1 et 2<\/li><li>Atelier EMDR enfants : Traumatismes pr\u00e9-verbaux<\/li><li>Atelier EMDR enfants : Troubles sp\u00e9cifiques : autisme, probl\u00e8mes somatiques<\/li><li>De la prise en compte \u00e0 la prise en charge des traumatismes transg\u00e9n\u00e9rationnels en EMDR<\/li><li>EMDR et Personnalit\u00e9s borderline, narcissique et anti-sociaux avec Dolores Mosqueira<\/li><li>Trauma complexes et Troubles dissociatifs : introduction et stabilisation<\/li><li>Quelles sont les voix que nous entendons ? Les liens multiples entre psychose, trauma et dissociation<\/li><li>La boite de vitesses : Comment adapter l\u2019EMDR au traitement des personnes souffrant de traumatismes complexes et de troubles dissociatifs avec H\u00e9l\u00e8ne Delucci<\/li><li>Processus dissociatif et EMDR chez les enfants et les adolescents avec Eva Zimmerman<\/li><\/ul>\n\n\n\n<p>Formation compl\u00e9mentaire : l&rsquo;Art de l&rsquo;EMDR<\/p>\n\n\n\n<p>2006 \u00e0 2018 : Formations et supervisions en Syst\u00e9mie avec le Dr Mony Elka\u00efm<\/p>\n\n\n\n<p>2005 -2007 -2011 : S\u00e9minaires en \u00e9nerg\u00e9tique chinoise avec Wan Su Jian<\/p>\n\n\n\n<p>2005 : Le g\u00e9nogramme, avec Martine Attia, syst\u00e9micienne enseignante, \u00e0 Nice<\/p>\n\n\n\n<p>2002 : formation \u00e0 la CNV avec Sylvie Braun<\/p>\n\n\n\n<p>1995 \u00e0 ce jour : S\u00e9minaires en \u00e9nerg\u00e9tique chinoise, sant\u00e9 mentale, tao\u00efsme, avec un Ma\u00eetre Tao\u00efste <\/p>\n\n\n\n<p>1992 : formation au Training Autog\u00e8ne de Schultz, Pr Singer<\/p>\n\n\n\n<p>1987 \u00e0 ce jour : Supervisions avec des superviseurs de diff\u00e9rents courants<\/p>\n\n\n\n<p>1984 \u00e0 1988 : Formation en acupuncture avec le Dr Jean-Claude Darras<\/p>\n\n\n\n<p>1979 \u00e0 2007 : plusieurs formations universitaires<\/p>\n\n\n\n<p>1976 \u00e0 1990 : formations avec Marcel L\u00e9gaut <a href=\"https:\/\/marcel-legaut.org\/\">https:\/\/marcel-legaut.org\/<\/a><\/p>\n\n\n\n<h2 class=\"wp-block-heading\" id=\"experiences-professionnelles-et-benevoles\">Exp\u00e9riences professionnelles et b\u00e9n\u00e9voles<\/h2>\n\n\n\n<p>\u00e0 partir de 2022 :  Formation Recherche \u00e0 l&rsquo;Atelier A l&rsquo;aise en soi-m\u00eame<\/p>\n\n\n\n<p>1988 \u00e0 1993 puis 2003 \u00e0 2021 : diverses activit\u00e9s m\u00e9dicales en tant que salari\u00e9e du priv\u00e9 et du public, et en lib\u00e9ral (<strong>Activit\u00e9s dor\u00e9navant arr\u00eat\u00e9e<\/strong>s)<\/p>\n\n\n\n<p>1993 \u00e0 2007 : Travailleur social accompagnant la parentalit\u00e9 dans diff\u00e9rentes structures associatives et institutionnelles : groupes de paroles de parents, vacances familiales, animations en salle d&rsquo;attente de consultations PMI, accueils parents-enfants \u00ab\u00a0CALIMUSETTE\u00a0\u00bb, \u00ab\u00a0PIROULI\u00a0\u00bb, \u00ab\u00a0CAPUCINE\u00a0\u00bb, groupe de jeux parents-enfants <a href=\"https:\/\/atelieralaiseensoimeme.jcbl.fr\/?page_id=37\">PETER-PAN.<\/a><\/p>\n\n\n\n<p>1993 \u00e0 ce jour : Activit\u00e9s d&rsquo;enseignement \u00e0 l&rsquo;Universit\u00e9, en Institut de formation, en contexte associatif, en entreprise  ; Communications lors de congr\u00e8s ; Conf\u00e9rences ; Supervisions et analyses de pratiques professionnelles en institution.<\/p>\n\n\n\n<p>1977 \u00e0 1984 : Diverses activit\u00e9s salari\u00e9es au cours de mes \u00e9tudes<\/p>\n\n\n\n<h2 class=\"wp-block-heading\" id=\"travaux-et-publications\">Travaux et publications<\/h2>\n\n\n\n<p>Cliquer <a href=\"https:\/\/atelieralaiseensoimeme.jcbl.fr\/?page_id=37\">Mes publications<\/a><\/p>\n\n\n\n<h2 class=\"wp-block-heading\" id=\"vie-associative\">Vie associative<\/h2>\n\n\n\n<p>Membre de l&rsquo;association fran\u00e7aise HTSMA <a href=\"https:\/\/www.afhtsma.org\/\">https:\/\/www.afhtsma.org\/<\/a><\/p>\n\n\n\n<p>Pr\u00e9sidente de l&rsquo;association FMCacu68, association de formation continue en acupuncture de 1993 \u00e0 2003 <\/p>\n\n\n\n<h2 class=\"wp-block-heading\" id=\"recompenses-et-prix\">R\u00e9compenses et prix<\/h2>\n\n\n\n<p>Financement par la Fondation de France en 2013 pendant 3 ans de \u00ab\u00a0l&rsquo;Accueil Famille\u00a0\u00bb cr\u00e9\u00e9 au sein du CSAPA Alter-Native \u00e0 Mulhouse<\/p>\n\n\n\n<p>Prix du Jeune Mulhousien de la Chambre de Commerce de Mulhouse, en 2000 pour la cr\u00e9ation du Lieu d&rsquo;Accueil Parents-Enfants Calimusette<\/p>\n","protected":false},"excerpt":{"rendered":"<p>D&rsquo;o\u00f9 je viens : J&rsquo;ai grandi dans un milieu modeste. Je me demandais : Comment piloter ce corps ? O\u00f9 trouver le mode d&#8217;emploi de la vie terrestre ? Je cherchais comment devenir autonome. Souvent au d\u00e9but de ma vie j&rsquo;ai cherch\u00e9 \u00e0 emmener l&rsquo;Autre \u00e0 percevoir la beaut\u00e9 qui est en chacun. Je m&rsquo;\u00e9tais [&hellip;]<\/p>\n","protected":false},"author":1,"featured_media":0,"parent":0,"menu_order":0,"comment_status":"closed","ping_status":"closed","template":"","meta":{"footnotes":""},"class_list":["post-38","page","type-page","status-publish","hentry"],"yoast_head":"<!-- This site is optimized with the Yoast SEO plugin v27.5 - https:\/\/yoast.com\/product\/yoast-seo-wordpress\/ -->\n<title>Mon CV - ATELIER A L AISE EN SOI MEME<\/title>\n<meta name=\"description\" content=\"Christiane BOPP-LIMOGE pr\u00e9sente les acquisitions de m\u00e9thodes propos\u00e9es dans l&#039;atelier \u00e0 l&#039;aise en soi-m\u00eame, pour d\u00e9velopper ses comp\u00e9tences et assurer ses \u00e9quilibres.\" \/>\n<meta name=\"robots\" content=\"noindex, follow, max-snippet:-1, max-image-preview:large, max-video-preview:-1\" \/>\n<meta property=\"og:locale\" content=\"fr_FR\" \/>\n<meta property=\"og:type\" content=\"article\" \/>\n<meta property=\"og:title\" content=\"Mon CV - ATELIER A L AISE EN SOI MEME\" \/>\n<meta property=\"og:description\" content=\"Christiane BOPP-LIMOGE pr\u00e9sente les acquisitions de m\u00e9thodes propos\u00e9es dans l&#039;atelier \u00e0 l&#039;aise en soi-m\u00eame, pour d\u00e9velopper ses comp\u00e9tences et assurer ses \u00e9quilibres.\" \/>\n<meta property=\"og:url\" content=\"https:\/\/atelieralaiseensoimeme.jcbl.fr\/?page_id=38\" \/>\n<meta property=\"og:site_name\" content=\"ATELIER A L AISE EN SOI MEME\" \/>\n<meta property=\"article:modified_time\" content=\"2022-03-13T12:20:40+00:00\" \/>\n<meta name=\"twitter:card\" content=\"summary_large_image\" \/>\n<meta name=\"twitter:label1\" content=\"Dur\u00e9e de lecture estim\u00e9e\" \/>\n\t<meta name=\"twitter:data1\" content=\"4 minutes\" \/>\n<script type=\"application\/ld+json\" class=\"yoast-schema-graph\">{\"@context\":\"https:\\\/\\\/schema.org\",\"@graph\":[{\"@type\":\"WebPage\",\"@id\":\"https:\\\/\\\/atelieralaiseensoimeme.jcbl.fr\\\/?page_id=38\",\"url\":\"https:\\\/\\\/atelieralaiseensoimeme.jcbl.fr\\\/?page_id=38\",\"name\":\"Mon CV - ATELIER A L AISE EN SOI MEME\",\"isPartOf\":{\"@id\":\"https:\\\/\\\/atelieralaiseensoimeme.jcbl.fr\\\/#website\"},\"datePublished\":\"2022-01-06T13:55:09+00:00\",\"dateModified\":\"2022-03-13T12:20:40+00:00\",\"description\":\"Christiane BOPP-LIMOGE pr\u00e9sente les acquisitions de m\u00e9thodes propos\u00e9es dans l'atelier \u00e0 l'aise en soi-m\u00eame, pour d\u00e9velopper ses comp\u00e9tences et assurer ses \u00e9quilibres.\",\"breadcrumb\":{\"@id\":\"https:\\\/\\\/atelieralaiseensoimeme.jcbl.fr\\\/?page_id=38#breadcrumb\"},\"inLanguage\":\"fr-FR\",\"potentialAction\":[{\"@type\":\"ReadAction\",\"target\":[\"https:\\\/\\\/atelieralaiseensoimeme.jcbl.fr\\\/?page_id=38\"]}]},{\"@type\":\"BreadcrumbList\",\"@id\":\"https:\\\/\\\/atelieralaiseensoimeme.jcbl.fr\\\/?page_id=38#breadcrumb\",\"itemListElement\":[{\"@type\":\"ListItem\",\"position\":1,\"name\":\"Accueil\",\"item\":\"https:\\\/\\\/atelieralaiseensoimeme.jcbl.fr\\\/\"},{\"@type\":\"ListItem\",\"position\":2,\"name\":\"Mon CV\"}]},{\"@type\":\"WebSite\",\"@id\":\"https:\\\/\\\/atelieralaiseensoimeme.jcbl.fr\\\/#website\",\"url\":\"https:\\\/\\\/atelieralaiseensoimeme.jcbl.fr\\\/\",\"name\":\"ATELIER A L AISE EN SOI MEME\",\"description\":\"Comp\u00e9tences et \u00e9quilibres\",\"publisher\":{\"@id\":\"https:\\\/\\\/atelieralaiseensoimeme.jcbl.fr\\\/#organization\"},\"potentialAction\":[{\"@type\":\"SearchAction\",\"target\":{\"@type\":\"EntryPoint\",\"urlTemplate\":\"https:\\\/\\\/atelieralaiseensoimeme.jcbl.fr\\\/?s={search_term_string}\"},\"query-input\":{\"@type\":\"PropertyValueSpecification\",\"valueRequired\":true,\"valueName\":\"search_term_string\"}}],\"inLanguage\":\"fr-FR\"},{\"@type\":\"Organization\",\"@id\":\"https:\\\/\\\/atelieralaiseensoimeme.jcbl.fr\\\/#organization\",\"name\":\"ATELIER A L'AISE EN SOI-MEME\",\"url\":\"https:\\\/\\\/atelieralaiseensoimeme.jcbl.fr\\\/\",\"logo\":{\"@type\":\"ImageObject\",\"inLanguage\":\"fr-FR\",\"@id\":\"https:\\\/\\\/atelieralaiseensoimeme.jcbl.fr\\\/#\\\/schema\\\/logo\\\/image\\\/\",\"url\":\"https:\\\/\\\/atelieralaiseensoimeme.jcbl.fr\\\/wp-content\\\/uploads\\\/2022\\\/01\\\/cropped-40380018_mOptimized.jpg\",\"contentUrl\":\"https:\\\/\\\/atelieralaiseensoimeme.jcbl.fr\\\/wp-content\\\/uploads\\\/2022\\\/01\\\/cropped-40380018_mOptimized.jpg\",\"width\":512,\"height\":512,\"caption\":\"ATELIER A L'AISE EN SOI-MEME\"},\"image\":{\"@id\":\"https:\\\/\\\/atelieralaiseensoimeme.jcbl.fr\\\/#\\\/schema\\\/logo\\\/image\\\/\"}}]}<\/script>\n<!-- \/ Yoast SEO plugin. -->","yoast_head_json":{"title":"Mon CV - ATELIER A L AISE EN SOI MEME","description":"Christiane BOPP-LIMOGE pr\u00e9sente les acquisitions de m\u00e9thodes propos\u00e9es dans l'atelier \u00e0 l'aise en soi-m\u00eame, pour d\u00e9velopper ses comp\u00e9tences et assurer ses \u00e9quilibres.","robots":{"index":"noindex","follow":"follow","max-snippet":"max-snippet:-1","max-image-preview":"max-image-preview:large","max-video-preview":"max-video-preview:-1"},"og_locale":"fr_FR","og_type":"article","og_title":"Mon CV - ATELIER A L AISE EN SOI MEME","og_description":"Christiane BOPP-LIMOGE pr\u00e9sente les acquisitions de m\u00e9thodes propos\u00e9es dans l'atelier \u00e0 l'aise en soi-m\u00eame, pour d\u00e9velopper ses comp\u00e9tences et assurer ses \u00e9quilibres.","og_url":"https:\/\/atelieralaiseensoimeme.jcbl.fr\/?page_id=38","og_site_name":"ATELIER A L AISE EN SOI MEME","article_modified_time":"2022-03-13T12:20:40+00:00","twitter_card":"summary_large_image","twitter_misc":{"Dur\u00e9e de lecture estim\u00e9e":"4 minutes"},"schema":{"@context":"https:\/\/schema.org","@graph":[{"@type":"WebPage","@id":"https:\/\/atelieralaiseensoimeme.jcbl.fr\/?page_id=38","url":"https:\/\/atelieralaiseensoimeme.jcbl.fr\/?page_id=38","name":"Mon CV - ATELIER A L AISE EN SOI MEME","isPartOf":{"@id":"https:\/\/atelieralaiseensoimeme.jcbl.fr\/#website"},"datePublished":"2022-01-06T13:55:09+00:00","dateModified":"2022-03-13T12:20:40+00:00","description":"Christiane BOPP-LIMOGE pr\u00e9sente les acquisitions de m\u00e9thodes propos\u00e9es dans l'atelier \u00e0 l'aise en soi-m\u00eame, pour d\u00e9velopper ses comp\u00e9tences et assurer ses \u00e9quilibres.","breadcrumb":{"@id":"https:\/\/atelieralaiseensoimeme.jcbl.fr\/?page_id=38#breadcrumb"},"inLanguage":"fr-FR","potentialAction":[{"@type":"ReadAction","target":["https:\/\/atelieralaiseensoimeme.jcbl.fr\/?page_id=38"]}]},{"@type":"BreadcrumbList","@id":"https:\/\/atelieralaiseensoimeme.jcbl.fr\/?page_id=38#breadcrumb","itemListElement":[{"@type":"ListItem","position":1,"name":"Accueil","item":"https:\/\/atelieralaiseensoimeme.jcbl.fr\/"},{"@type":"ListItem","position":2,"name":"Mon CV"}]},{"@type":"WebSite","@id":"https:\/\/atelieralaiseensoimeme.jcbl.fr\/#website","url":"https:\/\/atelieralaiseensoimeme.jcbl.fr\/","name":"ATELIER A L AISE EN SOI MEME","description":"Comp\u00e9tences et \u00e9quilibres","publisher":{"@id":"https:\/\/atelieralaiseensoimeme.jcbl.fr\/#organization"},"potentialAction":[{"@type":"SearchAction","target":{"@type":"EntryPoint","urlTemplate":"https:\/\/atelieralaiseensoimeme.jcbl.fr\/?s={search_term_string}"},"query-input":{"@type":"PropertyValueSpecification","valueRequired":true,"valueName":"search_term_string"}}],"inLanguage":"fr-FR"},{"@type":"Organization","@id":"https:\/\/atelieralaiseensoimeme.jcbl.fr\/#organization","name":"ATELIER A L'AISE EN SOI-MEME","url":"https:\/\/atelieralaiseensoimeme.jcbl.fr\/","logo":{"@type":"ImageObject","inLanguage":"fr-FR","@id":"https:\/\/atelieralaiseensoimeme.jcbl.fr\/#\/schema\/logo\/image\/","url":"https:\/\/atelieralaiseensoimeme.jcbl.fr\/wp-content\/uploads\/2022\/01\/cropped-40380018_mOptimized.jpg","contentUrl":"https:\/\/atelieralaiseensoimeme.jcbl.fr\/wp-content\/uploads\/2022\/01\/cropped-40380018_mOptimized.jpg","width":512,"height":512,"caption":"ATELIER A L'AISE EN SOI-MEME"},"image":{"@id":"https:\/\/atelieralaiseensoimeme.jcbl.fr\/#\/schema\/logo\/image\/"}}]}},"_links":{"self":[{"href":"https:\/\/atelieralaiseensoimeme.jcbl.fr\/index.php?rest_route=\/wp\/v2\/pages\/38","targetHints":{"allow":["GET"]}}],"collection":[{"href":"https:\/\/atelieralaiseensoimeme.jcbl.fr\/index.php?rest_route=\/wp\/v2\/pages"}],"about":[{"href":"https:\/\/atelieralaiseensoimeme.jcbl.fr\/index.php?rest_route=\/wp\/v2\/types\/page"}],"author":[{"embeddable":true,"href":"https:\/\/atelieralaiseensoimeme.jcbl.fr\/index.php?rest_route=\/wp\/v2\/users\/1"}],"replies":[{"embeddable":true,"href":"https:\/\/atelieralaiseensoimeme.jcbl.fr\/index.php?rest_route=%2Fwp%2Fv2%2Fcomments&post=38"}],"version-history":[{"count":26,"href":"https:\/\/atelieralaiseensoimeme.jcbl.fr\/index.php?rest_route=\/wp\/v2\/pages\/38\/revisions"}],"predecessor-version":[{"id":697,"href":"https:\/\/atelieralaiseensoimeme.jcbl.fr\/index.php?rest_route=\/wp\/v2\/pages\/38\/revisions\/697"}],"wp:attachment":[{"href":"https:\/\/atelieralaiseensoimeme.jcbl.fr\/index.php?rest_route=%2Fwp%2Fv2%2Fmedia&parent=38"}],"curies":[{"name":"wp","href":"https:\/\/api.w.org\/{rel}","templated":true}]}}