{"id":37,"date":"2022-01-06T13:55:09","date_gmt":"2022-01-06T13:55:09","guid":{"rendered":"https:\/\/atelieralaiseensoimeme.live-website.com\/?page_id=37"},"modified":"2022-02-17T09:32:15","modified_gmt":"2022-02-17T08:32:15","slug":"mes-publications","status":"publish","type":"page","link":"https:\/\/atelieralaiseensoimeme.jcbl.fr\/?page_id=37","title":{"rendered":"Mes publications"},"content":{"rendered":"\n<h2 class=\"wp-block-heading\" id=\"livres-que-j-ai-ecrits-vous-pouvez-les-trouver-chez-votre-libraire-pres-de-chez-vous-ou-bien-sur-https-chroniquesociale-com\">Livres que j&rsquo;ai \u00e9crits : vous pouvez les trouver <em>chez votre libraire pr\u00e8s de chez vous<\/em> ou bien sur <a href=\"https:\/\/chroniquesociale.com\/\">https:\/\/chroniquesociale.com\/<\/a><\/h2>\n\n\n\n<p>2<strong>019 : Enrichir sa vie en famille avec le PEB (Plaisir \u2013 Estime \u2013 Besoins de chacun), <\/strong>Christiane Bopp-Limoge, [illustr\u00e9 par Pauline Galizia], <a href=\"https:\/\/catalogue.bnf.fr\/ark:\/12148\/cb45790750q\">https:\/\/catalogue.bnf.fr\/ark:\/12148\/cb45790750q<\/a><\/p>\n\n\n\n<p><strong>2017 : Vers le bien-\u00eatre en famille, une cl\u00e9, le MOSIPE<\/strong>, christiane Bopp-Limoge,  <a href=\"https:\/\/catalogue.bnf.fr\/ark:\/12148\/cb45341853j\">https:\/\/catalogue.bnf.fr\/ark:\/12148\/cb45341853j<\/a><\/p>\n\n\n\n<p><strong>2014 : Accompagner les parentalit\u00e9s Le MOSIPE outil d\u2019\u00e9valuation et d\u2019intervention, <\/strong>Christiane Bopp-Limoge, <a href=\"https:\/\/catalogue.bnf.fr\/ark:\/12148\/cb43834667s\">https:\/\/catalogue.bnf.fr\/ark:\/12148\/cb43834667s<\/a><\/p>\n\n\n\n<p><strong>2008 : L\u2019\u00e9veil \u00e0 l\u2019enfant Enfants adultes grandir ensemble, <\/strong>Christiane Bopp-Limoge, [illustr\u00e9 par VEESSE], 2\u00e8me \u00e9dition revue et augment\u00e9e  <a href=\"https:\/\/catalogue.bnf.fr\/ark:\/12148\/cb41336636v\">https:\/\/catalogue.bnf.fr\/ark:\/12148\/cb41336636v<\/a> 1\u00e8re \u00e9dition en 2000 : <a href=\"https:\/\/catalogue.bnf.fr\/ark:\/12148\/cb376353319\">https:\/\/catalogue.bnf.fr\/ark:\/12148\/cb376353319<\/a><\/p>\n\n\n\n<p><strong>2004 : Acteurs dans la ville, acteur dans sa vie Favoriser la participation, <\/strong>Christiane Bopp-Limoge, avec la participation de Chantal Puyoo, Roger Winterhalter, Eric Pracisnore,<strong> <\/strong><a href=\"https:\/\/catalogue.bnf.fr\/ark:\/12148\/cb391839448\">https:\/\/catalogue.bnf.fr\/ark:\/12148\/cb391839448<\/a><\/p>\n\n\n\n<h2 class=\"wp-block-heading\" id=\"articles\">Articles<\/h2>\n\n\n\n<ul class=\"wp-block-list\"><li><strong>Cibler l&rsquo;accompagnement de la parentalit\u00e9 avec le MOSIPE, Mod\u00e8le d&rsquo;Observation Syst\u00e9mique des Interactions Parents-Enfants<\/strong> <a href=\"https:\/\/www.cairn.info\/publications-de-Christiane-Bopp-Limoge--88728.htm\">Christiane Bopp-Limoge<\/a> <a href=\"https:\/\/www.cairn.info\/revue-cahiers-critiques-de-therapie-familiale.htm\">Cahiers critiques de th\u00e9rapie familiale et de pratiques de r\u00e9seaux<\/a> <strong><a href=\"https:\/\/www.cairn.info\/revue-cahiers-critiques-de-therapie-familiale-2012-1.htm\">2012\/1 (n\u00b0&nbsp;48)<\/a><\/strong>, pages 229 \u00e0 248<\/li><\/ul>\n\n\n\n<ul class=\"wp-block-list\"><li><strong>Protection de l&rsquo;enfance en danger&nbsp;: qu&rsquo;est-ce qui d\u00e9termine le signalement&nbsp;? A propos de 30 situation<\/strong>s <a href=\"https:\/\/www.cairn.info\/publications-de-Christiane-Bopp-Limoge--88728.htm\">Christiane Bopp-Limoge<\/a>, <a href=\"https:\/\/www.cairn.info\/publications-de-Philippe-Greth--94288.htm\">Philippe Greth<\/a>, <a href=\"https:\/\/www.cairn.info\/publications-de-Hubert-Weibel--94289.htm\">Hubert Weibel<\/a>, <a href=\"https:\/\/www.cairn.info\/revue-l-information-psychiatrique.htm\">L&rsquo;information psychiatrique<\/a> <strong><a href=\"https:\/\/www.cairn.info\/revue-l-information-psychiatrique-2006-3.htm\">2006\/3 (Volume 82)<\/a><\/strong>, pages 211 \u00e0 218<\/li><\/ul>\n\n\n\n<ul class=\"wp-block-list\"><li><strong>Qi Gong avec&nbsp;six patients psychotiques&nbsp;: \u00e9tude de&nbsp;faisabilit\u00e9 et&nbsp;de&nbsp;pertinence<\/strong> <a href=\"https:\/\/www.cairn.info\/publications-de-Christiane-Bopp-Limoge--88728.htm\">Christiane Bopp-Limoge<\/a>, <a href=\"https:\/\/www.cairn.info\/publications-de-Philippe-Greth--94288.htm\">Philippe Greth<\/a>, <a href=\"https:\/\/www.cairn.info\/publications-de-Hubert-Weibel--94289.htm\">Hubert Weibel<\/a>, <a href=\"https:\/\/www.cairn.info\/revue-l-information-psychiatrique.htm\">L&rsquo;information psychiatrique<\/a> <strong><a href=\"https:\/\/www.cairn.info\/revue-l-information-psychiatrique-2009-1.htm\">2009\/1 (Volume 85)<\/a><\/strong>, pages 27 \u00e0 33<\/li><li><strong>La d\u00e9livrance provisoire de produits de substitution au centre de soins sp\u00e9cialis\u00e9 pour toxicomanes Alter native de Mulhouse : pratiques et questions,<\/strong> <a href=\"https:\/\/santepsy.ascodocpsy.org\/index.php?lvl=author_see&amp;id=54322\">Bopp-Limoge C.<\/a>, <a href=\"https:\/\/santepsy.ascodocpsy.org\/index.php?lvl=author_see&amp;id=92697\">Leroy B.,<\/a> <a href=\"https:\/\/santepsy.ascodocpsy.org\/index.php?lvl=author_see&amp;id=107415\">Soulier J<\/a>, <a href=\"https:\/\/santepsy.ascodocpsy.org\/index.php?lvl=author_see&amp;id=40651\">Weilber H<\/a>.,  <a href=\"https:\/\/santepsy.ascodocpsy.org\/index.php?lvl=bulletin_display&amp;id=5980\">Nervure : Journal De Psychiatrie (n\u00b06 Suppl vol 19)<\/a>, 2006, p16-20<\/li><li><strong>L&rsquo;enfant dans son corps, <\/strong>in Un corps pour grandir<strong>,<\/strong> Christiane Bopp-Limoge,  <a href=\"http:\/\/Le Furet (52 printemps 2007)\">http:\/\/Le Furet (52 printemps 2007)<\/a> p28-29<\/li><li><strong>Traces et images de soi<\/strong>, Christiane Bopp-Limoge, Revue Education Enfantine, mai 2002, n\u00b01040, <a href=\"http:\/\/www.educationenfantine.com\">http:\/\/www.educationenfantine.com<\/a> <a href=\"http:\/\/ISSN 0013 1288\">http:\/\/ISSN 0013 1288<\/a><\/li><li><strong>F\u00e9minin et masculin chez les petits enfants<\/strong>, Christiane Bopp-Limoge, Revue Education Enfantine, sept 2001, n\u00b01032 <a href=\"http:\/\/www.educationenfantine.com\">http:\/\/www.educationenfantine.com<\/a> <a href=\"http:\/\/ISSN 0013 1288\">http:\/\/ISSN 0013 1288<\/a>  <\/li><li><strong>L&rsquo;acupuncture permet-elle d&rsquo;am\u00e9liorer les performances sportives ? Etude personnelle \u00e0 propos de 35 sportifs de haut-niveau<\/strong>, <a href=\"https:\/\/www.theses.fr\/055757863\">Christiane Bopp-Limoge<\/a> M\u00e9decine du Sport, 1991, pp***<\/li><\/ul>\n\n\n\n<p>Et Th\u00e8se de doctorat en M\u00e9decine Sous la direction de <a href=\"https:\/\/www.theses.fr\/169765989\">Gabriel Lang<\/a>. Soutenue en 1988 <a href=\"https:\/\/www.theses.fr\/1988STR1M117\">https:\/\/www.theses.fr\/1988STR1M117<\/a><\/p>\n","protected":false},"excerpt":{"rendered":"<p>Livres que j&rsquo;ai \u00e9crits : vous pouvez les trouver chez votre libraire pr\u00e8s de chez vous ou bien sur https:\/\/chroniquesociale.com\/ 2019 : Enrichir sa vie en famille avec le PEB (Plaisir \u2013 Estime \u2013 Besoins de chacun), Christiane Bopp-Limoge, [illustr\u00e9 par Pauline Galizia], https:\/\/catalogue.bnf.fr\/ark:\/12148\/cb45790750q 2017 : Vers le bien-\u00eatre en famille, une cl\u00e9, le MOSIPE, [&hellip;]<\/p>\n","protected":false},"author":1,"featured_media":0,"parent":0,"menu_order":0,"comment_status":"closed","ping_status":"closed","template":"","meta":{"footnotes":""},"class_list":["post-37","page","type-page","status-publish","hentry"],"yoast_head":"<!-- This site is optimized with the Yoast SEO plugin v27.5 - https:\/\/yoast.com\/product\/yoast-seo-wordpress\/ -->\n<title>Mes publications - ATELIER A L AISE EN SOI MEME<\/title>\n<meta name=\"description\" content=\"Chrisiane BOPP-LIMOGE pr\u00e9sente ses publications, illustrant des m\u00e9thodes propos\u00e9es dans l&#039;atelier \u00e0 l&#039;aise en soi-m\u00eame, pour assurer ses \u00e9quilibres et d\u00e9velopper ses comp\u00e9tences.\" \/>\n<meta name=\"robots\" content=\"noindex, follow, max-snippet:-1, max-image-preview:large, max-video-preview:-1\" \/>\n<meta property=\"og:locale\" content=\"fr_FR\" \/>\n<meta property=\"og:type\" content=\"article\" \/>\n<meta property=\"og:title\" content=\"Mes publications - ATELIER A L AISE EN SOI MEME\" \/>\n<meta property=\"og:description\" content=\"Chrisiane BOPP-LIMOGE pr\u00e9sente ses publications, illustrant des m\u00e9thodes propos\u00e9es dans l&#039;atelier \u00e0 l&#039;aise en soi-m\u00eame, pour assurer ses \u00e9quilibres et d\u00e9velopper ses comp\u00e9tences.\" \/>\n<meta property=\"og:url\" content=\"https:\/\/atelieralaiseensoimeme.jcbl.fr\/?page_id=37\" \/>\n<meta property=\"og:site_name\" content=\"ATELIER A L AISE EN SOI MEME\" \/>\n<meta property=\"article:modified_time\" content=\"2022-02-17T08:32:15+00:00\" \/>\n<meta name=\"twitter:card\" content=\"summary_large_image\" \/>\n<meta name=\"twitter:label1\" content=\"Dur\u00e9e de lecture estim\u00e9e\" \/>\n\t<meta name=\"twitter:data1\" content=\"2 minutes\" \/>\n<script type=\"application\/ld+json\" class=\"yoast-schema-graph\">{\"@context\":\"https:\\\/\\\/schema.org\",\"@graph\":[{\"@type\":\"TechArticle\",\"@id\":\"https:\\\/\\\/atelieralaiseensoimeme.jcbl.fr\\\/?page_id=37#article\",\"isPartOf\":{\"@id\":\"https:\\\/\\\/atelieralaiseensoimeme.jcbl.fr\\\/?page_id=37\"},\"author\":{\"name\":\"Christiane BL\",\"@id\":\"https:\\\/\\\/atelieralaiseensoimeme.jcbl.fr\\\/#\\\/schema\\\/person\\\/110f3629ba114719c7c6dadec906f26f\"},\"headline\":\"Mes publications\",\"datePublished\":\"2022-01-06T13:55:09+00:00\",\"dateModified\":\"2022-02-17T08:32:15+00:00\",\"mainEntityOfPage\":{\"@id\":\"https:\\\/\\\/atelieralaiseensoimeme.jcbl.fr\\\/?page_id=37\"},\"wordCount\":381,\"publisher\":{\"@id\":\"https:\\\/\\\/atelieralaiseensoimeme.jcbl.fr\\\/#organization\"},\"inLanguage\":\"fr-FR\"},{\"@type\":[\"WebPage\",\"AboutPage\"],\"@id\":\"https:\\\/\\\/atelieralaiseensoimeme.jcbl.fr\\\/?page_id=37\",\"url\":\"https:\\\/\\\/atelieralaiseensoimeme.jcbl.fr\\\/?page_id=37\",\"name\":\"Mes publications - ATELIER A L AISE EN SOI MEME\",\"isPartOf\":{\"@id\":\"https:\\\/\\\/atelieralaiseensoimeme.jcbl.fr\\\/#website\"},\"datePublished\":\"2022-01-06T13:55:09+00:00\",\"dateModified\":\"2022-02-17T08:32:15+00:00\",\"description\":\"Chrisiane BOPP-LIMOGE pr\u00e9sente ses publications, illustrant des m\u00e9thodes propos\u00e9es dans l'atelier \u00e0 l'aise en soi-m\u00eame, pour assurer ses \u00e9quilibres et d\u00e9velopper ses comp\u00e9tences.\",\"breadcrumb\":{\"@id\":\"https:\\\/\\\/atelieralaiseensoimeme.jcbl.fr\\\/?page_id=37#breadcrumb\"},\"inLanguage\":\"fr-FR\",\"potentialAction\":[{\"@type\":\"ReadAction\",\"target\":[\"https:\\\/\\\/atelieralaiseensoimeme.jcbl.fr\\\/?page_id=37\"]}]},{\"@type\":\"BreadcrumbList\",\"@id\":\"https:\\\/\\\/atelieralaiseensoimeme.jcbl.fr\\\/?page_id=37#breadcrumb\",\"itemListElement\":[{\"@type\":\"ListItem\",\"position\":1,\"name\":\"Accueil\",\"item\":\"https:\\\/\\\/atelieralaiseensoimeme.jcbl.fr\\\/\"},{\"@type\":\"ListItem\",\"position\":2,\"name\":\"Mes publications\"}]},{\"@type\":\"WebSite\",\"@id\":\"https:\\\/\\\/atelieralaiseensoimeme.jcbl.fr\\\/#website\",\"url\":\"https:\\\/\\\/atelieralaiseensoimeme.jcbl.fr\\\/\",\"name\":\"ATELIER A L AISE EN SOI MEME\",\"description\":\"Comp\u00e9tences et \u00e9quilibres\",\"publisher\":{\"@id\":\"https:\\\/\\\/atelieralaiseensoimeme.jcbl.fr\\\/#organization\"},\"potentialAction\":[{\"@type\":\"SearchAction\",\"target\":{\"@type\":\"EntryPoint\",\"urlTemplate\":\"https:\\\/\\\/atelieralaiseensoimeme.jcbl.fr\\\/?s={search_term_string}\"},\"query-input\":{\"@type\":\"PropertyValueSpecification\",\"valueRequired\":true,\"valueName\":\"search_term_string\"}}],\"inLanguage\":\"fr-FR\"},{\"@type\":\"Organization\",\"@id\":\"https:\\\/\\\/atelieralaiseensoimeme.jcbl.fr\\\/#organization\",\"name\":\"ATELIER A L'AISE EN SOI-MEME\",\"url\":\"https:\\\/\\\/atelieralaiseensoimeme.jcbl.fr\\\/\",\"logo\":{\"@type\":\"ImageObject\",\"inLanguage\":\"fr-FR\",\"@id\":\"https:\\\/\\\/atelieralaiseensoimeme.jcbl.fr\\\/#\\\/schema\\\/logo\\\/image\\\/\",\"url\":\"https:\\\/\\\/atelieralaiseensoimeme.jcbl.fr\\\/wp-content\\\/uploads\\\/2022\\\/01\\\/cropped-40380018_mOptimized.jpg\",\"contentUrl\":\"https:\\\/\\\/atelieralaiseensoimeme.jcbl.fr\\\/wp-content\\\/uploads\\\/2022\\\/01\\\/cropped-40380018_mOptimized.jpg\",\"width\":512,\"height\":512,\"caption\":\"ATELIER A L'AISE EN SOI-MEME\"},\"image\":{\"@id\":\"https:\\\/\\\/atelieralaiseensoimeme.jcbl.fr\\\/#\\\/schema\\\/logo\\\/image\\\/\"}},{\"@type\":\"Person\",\"@id\":\"https:\\\/\\\/atelieralaiseensoimeme.jcbl.fr\\\/#\\\/schema\\\/person\\\/110f3629ba114719c7c6dadec906f26f\",\"name\":\"Christiane BL\",\"image\":{\"@type\":\"ImageObject\",\"inLanguage\":\"fr-FR\",\"@id\":\"https:\\\/\\\/secure.gravatar.com\\\/avatar\\\/f8a365db4268ae298ccad29f01655e881c8f8917fd318fb36568c3b65c904930?s=96&d=mm&r=g\",\"url\":\"https:\\\/\\\/secure.gravatar.com\\\/avatar\\\/f8a365db4268ae298ccad29f01655e881c8f8917fd318fb36568c3b65c904930?s=96&d=mm&r=g\",\"contentUrl\":\"https:\\\/\\\/secure.gravatar.com\\\/avatar\\\/f8a365db4268ae298ccad29f01655e881c8f8917fd318fb36568c3b65c904930?s=96&d=mm&r=g\",\"caption\":\"Christiane BL\"},\"sameAs\":[\"https:\\\/\\\/atelieralaiseensoimeme.jcbl.fr\"],\"url\":\"https:\\\/\\\/atelieralaiseensoimeme.jcbl.fr\\\/?author=1\"}]}<\/script>\n<!-- \/ Yoast SEO plugin. -->","yoast_head_json":{"title":"Mes publications - ATELIER A L AISE EN SOI MEME","description":"Chrisiane BOPP-LIMOGE pr\u00e9sente ses publications, illustrant des m\u00e9thodes propos\u00e9es dans l'atelier \u00e0 l'aise en soi-m\u00eame, pour assurer ses \u00e9quilibres et d\u00e9velopper ses comp\u00e9tences.","robots":{"index":"noindex","follow":"follow","max-snippet":"max-snippet:-1","max-image-preview":"max-image-preview:large","max-video-preview":"max-video-preview:-1"},"og_locale":"fr_FR","og_type":"article","og_title":"Mes publications - ATELIER A L AISE EN SOI MEME","og_description":"Chrisiane BOPP-LIMOGE pr\u00e9sente ses publications, illustrant des m\u00e9thodes propos\u00e9es dans l'atelier \u00e0 l'aise en soi-m\u00eame, pour assurer ses \u00e9quilibres et d\u00e9velopper ses comp\u00e9tences.","og_url":"https:\/\/atelieralaiseensoimeme.jcbl.fr\/?page_id=37","og_site_name":"ATELIER A L AISE EN SOI MEME","article_modified_time":"2022-02-17T08:32:15+00:00","twitter_card":"summary_large_image","twitter_misc":{"Dur\u00e9e de lecture estim\u00e9e":"2 minutes"},"schema":{"@context":"https:\/\/schema.org","@graph":[{"@type":"TechArticle","@id":"https:\/\/atelieralaiseensoimeme.jcbl.fr\/?page_id=37#article","isPartOf":{"@id":"https:\/\/atelieralaiseensoimeme.jcbl.fr\/?page_id=37"},"author":{"name":"Christiane BL","@id":"https:\/\/atelieralaiseensoimeme.jcbl.fr\/#\/schema\/person\/110f3629ba114719c7c6dadec906f26f"},"headline":"Mes publications","datePublished":"2022-01-06T13:55:09+00:00","dateModified":"2022-02-17T08:32:15+00:00","mainEntityOfPage":{"@id":"https:\/\/atelieralaiseensoimeme.jcbl.fr\/?page_id=37"},"wordCount":381,"publisher":{"@id":"https:\/\/atelieralaiseensoimeme.jcbl.fr\/#organization"},"inLanguage":"fr-FR"},{"@type":["WebPage","AboutPage"],"@id":"https:\/\/atelieralaiseensoimeme.jcbl.fr\/?page_id=37","url":"https:\/\/atelieralaiseensoimeme.jcbl.fr\/?page_id=37","name":"Mes publications - ATELIER A L AISE EN SOI MEME","isPartOf":{"@id":"https:\/\/atelieralaiseensoimeme.jcbl.fr\/#website"},"datePublished":"2022-01-06T13:55:09+00:00","dateModified":"2022-02-17T08:32:15+00:00","description":"Chrisiane BOPP-LIMOGE pr\u00e9sente ses publications, illustrant des m\u00e9thodes propos\u00e9es dans l'atelier \u00e0 l'aise en soi-m\u00eame, pour assurer ses \u00e9quilibres et d\u00e9velopper ses comp\u00e9tences.","breadcrumb":{"@id":"https:\/\/atelieralaiseensoimeme.jcbl.fr\/?page_id=37#breadcrumb"},"inLanguage":"fr-FR","potentialAction":[{"@type":"ReadAction","target":["https:\/\/atelieralaiseensoimeme.jcbl.fr\/?page_id=37"]}]},{"@type":"BreadcrumbList","@id":"https:\/\/atelieralaiseensoimeme.jcbl.fr\/?page_id=37#breadcrumb","itemListElement":[{"@type":"ListItem","position":1,"name":"Accueil","item":"https:\/\/atelieralaiseensoimeme.jcbl.fr\/"},{"@type":"ListItem","position":2,"name":"Mes publications"}]},{"@type":"WebSite","@id":"https:\/\/atelieralaiseensoimeme.jcbl.fr\/#website","url":"https:\/\/atelieralaiseensoimeme.jcbl.fr\/","name":"ATELIER A L AISE EN SOI MEME","description":"Comp\u00e9tences et \u00e9quilibres","publisher":{"@id":"https:\/\/atelieralaiseensoimeme.jcbl.fr\/#organization"},"potentialAction":[{"@type":"SearchAction","target":{"@type":"EntryPoint","urlTemplate":"https:\/\/atelieralaiseensoimeme.jcbl.fr\/?s={search_term_string}"},"query-input":{"@type":"PropertyValueSpecification","valueRequired":true,"valueName":"search_term_string"}}],"inLanguage":"fr-FR"},{"@type":"Organization","@id":"https:\/\/atelieralaiseensoimeme.jcbl.fr\/#organization","name":"ATELIER A L'AISE EN SOI-MEME","url":"https:\/\/atelieralaiseensoimeme.jcbl.fr\/","logo":{"@type":"ImageObject","inLanguage":"fr-FR","@id":"https:\/\/atelieralaiseensoimeme.jcbl.fr\/#\/schema\/logo\/image\/","url":"https:\/\/atelieralaiseensoimeme.jcbl.fr\/wp-content\/uploads\/2022\/01\/cropped-40380018_mOptimized.jpg","contentUrl":"https:\/\/atelieralaiseensoimeme.jcbl.fr\/wp-content\/uploads\/2022\/01\/cropped-40380018_mOptimized.jpg","width":512,"height":512,"caption":"ATELIER A L'AISE EN SOI-MEME"},"image":{"@id":"https:\/\/atelieralaiseensoimeme.jcbl.fr\/#\/schema\/logo\/image\/"}},{"@type":"Person","@id":"https:\/\/atelieralaiseensoimeme.jcbl.fr\/#\/schema\/person\/110f3629ba114719c7c6dadec906f26f","name":"Christiane BL","image":{"@type":"ImageObject","inLanguage":"fr-FR","@id":"https:\/\/secure.gravatar.com\/avatar\/f8a365db4268ae298ccad29f01655e881c8f8917fd318fb36568c3b65c904930?s=96&d=mm&r=g","url":"https:\/\/secure.gravatar.com\/avatar\/f8a365db4268ae298ccad29f01655e881c8f8917fd318fb36568c3b65c904930?s=96&d=mm&r=g","contentUrl":"https:\/\/secure.gravatar.com\/avatar\/f8a365db4268ae298ccad29f01655e881c8f8917fd318fb36568c3b65c904930?s=96&d=mm&r=g","caption":"Christiane BL"},"sameAs":["https:\/\/atelieralaiseensoimeme.jcbl.fr"],"url":"https:\/\/atelieralaiseensoimeme.jcbl.fr\/?author=1"}]}},"_links":{"self":[{"href":"https:\/\/atelieralaiseensoimeme.jcbl.fr\/index.php?rest_route=\/wp\/v2\/pages\/37","targetHints":{"allow":["GET"]}}],"collection":[{"href":"https:\/\/atelieralaiseensoimeme.jcbl.fr\/index.php?rest_route=\/wp\/v2\/pages"}],"about":[{"href":"https:\/\/atelieralaiseensoimeme.jcbl.fr\/index.php?rest_route=\/wp\/v2\/types\/page"}],"author":[{"embeddable":true,"href":"https:\/\/atelieralaiseensoimeme.jcbl.fr\/index.php?rest_route=\/wp\/v2\/users\/1"}],"replies":[{"embeddable":true,"href":"https:\/\/atelieralaiseensoimeme.jcbl.fr\/index.php?rest_route=%2Fwp%2Fv2%2Fcomments&post=37"}],"version-history":[{"count":8,"href":"https:\/\/atelieralaiseensoimeme.jcbl.fr\/index.php?rest_route=\/wp\/v2\/pages\/37\/revisions"}],"predecessor-version":[{"id":672,"href":"https:\/\/atelieralaiseensoimeme.jcbl.fr\/index.php?rest_route=\/wp\/v2\/pages\/37\/revisions\/672"}],"wp:attachment":[{"href":"https:\/\/atelieralaiseensoimeme.jcbl.fr\/index.php?rest_route=%2Fwp%2Fv2%2Fmedia&parent=37"}],"curies":[{"name":"wp","href":"https:\/\/api.w.org\/{rel}","templated":true}]}}