{"id":36,"date":"2022-01-06T13:55:09","date_gmt":"2022-01-06T13:55:09","guid":{"rendered":"https:\/\/atelieralaiseensoimeme.live-website.com\/?page_id=36"},"modified":"2022-02-13T11:52:02","modified_gmt":"2022-02-13T10:52:02","slug":"cadre-ethique","status":"publish","type":"page","link":"https:\/\/atelieralaiseensoimeme.jcbl.fr\/?page_id=36","title":{"rendered":"Cadre \u00e9thique &#8211; Mentions l\u00e9gales"},"content":{"rendered":"\n<h2 class=\"wp-block-heading\" id=\"cadre-ethique\">Cadre \u00e9thique :<\/h2>\n\n\n\n<p>Ce document, et plus largement le contenu du site internet de l&rsquo;Atelier <a href=\"https:\/\/atelieralaiseensoimeme.jcbl.fr\/?page_id=29\">\u00e0 l&rsquo;aise en soi-m\u00eame<\/a>, vous donnent des informations sur le fonctionnement.  <\/p>\n\n\n\n<p>1- Cadre de r\u00e9f\u00e9rence : <\/p>\n\n\n\n<ul class=\"wp-block-list\"><li>Je vous re\u00e7ois \u00e0 l&rsquo;atelier <a href=\"https:\/\/atelieralaiseensoimeme.jcbl.fr\/?page_id=29\">\u00e0 l&rsquo;aise en soi-m\u00eame<\/a> en r\u00e9ponse \u00e0 votre demande d&rsquo;auto-formation.<\/li><li>J&rsquo;exerce hors m\u00e9decine, hors assurance maladie. Si vous avez besoin d&rsquo;un conseil m\u00e9dical, adressez-vous \u00e0 votre m\u00e9decin traitant, ou \u00e0 votre sp\u00e9cialiste.<\/li><\/ul>\n\n\n\n<p>2- Mes valeurs : <\/p>\n\n\n\n<ul class=\"wp-block-list\"><li>Je vous accueille avec toutes vos diversit\u00e9s, et votre singularit\u00e9. <\/li><li>J&rsquo;ai d\u00e9couvert que <strong>l&rsquo;autonomisation est une affaire de rythme et de lien<\/strong>. C&rsquo;est avec cet \u00e9tat d&rsquo;esprit que je vous accueille \u00e0 l&rsquo;atelier \u00e0 l&rsquo;aise en soi-m\u00eame. <\/li><li>Je fais mienne la phrase de Marcel L\u00e9gaut : \u00ab\u00a0Nul ne peut nous apporter du dehors l&rsquo;essentiel qui est n\u00f4tre, car c&rsquo;est \u00e0 nous de le d\u00e9couvrir\u00a0\u00bb. Ainsi, \u00e0 l&rsquo;atelier \u00e0 l&rsquo;aise en soi-m\u00eame, vous \u00eates dans un contexte d&rsquo;auto-formation, avec mon support<strong>. Vous \u00eates libre de refuser ou d&rsquo;accepter d&rsquo;exp\u00e9rimenter les outils que je vous propose, en accompagnement de votre d\u00e9marche. Vous \u00eates libre \u00e0 tout moment d&rsquo;interrompre nos travaux \u00e0 l&rsquo;atelier. <\/strong><\/li><li><strong>Vous \u00eates l&rsquo;unique personne \u00e0 avoir la capacit\u00e9 de d\u00e9terminer ce qui est bon pour vous-m\u00eame, et \u00e0 faire le choix de vous y engager, ou pas.<\/strong> Vous mettre \u00e0 l&rsquo;aise en vous-m\u00eame peut vous permettre de le percevoir davantage.<\/li><li><a href=\"https:\/\/atelieralaiseensoimeme.jcbl.fr\/?page_id=29\">L&rsquo;autonomie<\/a> se d\u00e9veloppe et s&rsquo;entretient en exp\u00e9rimentant des relations qui mettent \u00e0 l&rsquo;aise, en confiance, en s\u00e9curit\u00e9. A l&rsquo;atelier, nous nous mettons \u00e0 l&rsquo;aise pour faire \u00e9quipe, dans une co-construction, en vue de vous amener \u00e0 voler de vos propres ailes. <\/li><\/ul>\n\n\n\n<p>3- D\u00e9roulement : <\/p>\n\n\n\n<ul class=\"wp-block-list\"><li>Je vous invite \u00e0 vous mettre \u00e0 l&rsquo;aise en choisissant de vous installer dans l&rsquo;atelier, et dans la mesure du possible nous adaptons l&rsquo;am\u00e9nagement de l&rsquo;atelier \u00e0 ce qui vous convient, dans une interaction entre nous, et nous r\u00e9\u00e9valuons cela au cours de notre travail. Il se peut qu&rsquo;il vous soit difficile de d\u00e9terminer cela. Alors je vous invite, si vous en \u00eates d&rsquo;accord, \u00e0 vous observer, \u00e0 percevoir, \u00e0 exp\u00e9rimenter plusieurs installations diff\u00e9rentes, et \u00e0 choisir finalement celle que vous voulez choisir. Pendant cette recherche, je suis moi aussi constamment \u00e0 l&rsquo;\u00e9coute de mes sensations, pour m&rsquo;ajuster, et rester \u00e0 l&rsquo;aise dans notre interaction. <\/li><li>Lors de votre 1\u00e8re s\u00e9ance d&rsquo;atelier, je vous redonne les \u00e9l\u00e9ments cl\u00e9s du cadre de notre travail.<\/li><li>Vous clarifiez vos objectifs, si besoin avec mon support et nous d\u00e9terminons ensemble quel.s outils utiliser pour travailler. Rep\u00e9rer, d\u00e9velopper, entra\u00eener vos ressources, est notre fil rouge tout au long de ce parcours.  <\/li><li>En fin de s\u00e9ance, et \u00e0 certaines \u00e9tapes cl\u00e9s de votre cheminement, \u00e0 d\u00e9terminer ensemble, nous retra\u00e7ons les \u00e9tapes de votre travail \u00e0 l&rsquo;atelier, et mettons en \u00e9vidence l&rsquo;apprentissage r\u00e9alis\u00e9.<\/li><\/ul>\n\n\n\n<p>4- Support de travail : Avec votre accord, je tiens un dossier papier pour ajuster les prestations \u00e0 vos objectifs. Il contient <\/p>\n\n\n\n<ul class=\"wp-block-list\"><li>des \u00e9l\u00e9ments d&rsquo;identification : nom, pr\u00e9nom, date et nom de naissance, adresse mail et postale<\/li><li>des \u00e9l\u00e9ments biographiques que vous m&rsquo;avez confi\u00e9s spontan\u00e9ment ; ou que vous avez accept\u00e9 de me transmettre en r\u00e9ponse \u00e0 mes questions formul\u00e9es pour adapter la formation \u00e0 vos besoins ; <\/li><li>des \u00e9l\u00e9ments d&rsquo;observation du d\u00e9roulement des atelier pour ajuster les prestations ;<\/li><li>des \u00e9l\u00e9ments d&rsquo;\u00e9valuation pour conduire votre formation.<\/li><li>Ces donn\u00e9es sont gard\u00e9es 10 ans sous cl\u00e9. <\/li><\/ul>\n\n\n\n<p>5- Je vous dois la confidentialit\u00e9. Ainsi, je garde le secret de nos \u00e9changes, sauf si vous m&rsquo;en d\u00e9liez sur des points particuliers et \u00e0 des fins de formation dans des contextes d\u00e9termin\u00e9s. <\/p>\n\n\n\n<p><\/p>\n\n\n\n<h2 class=\"wp-block-heading\" id=\"mentions-legales\">Mentions l\u00e9gales<\/h2>\n\n\n\n<h3 class=\"wp-block-heading\" id=\"1099921799\">Si\u00e8ge social<\/h3>\n\n\n\n<p>Atelier \u00e0 l&rsquo;aise en soi-m\u00eame 2 rue des Sorbiers F &#8211; 68170 Rixheim<\/p>\n\n\n\n<h3 class=\"wp-block-heading\" id=\"1669622938\"><a href=\"https:\/\/atelieralaiseensoimeme.jcbl.fr\/?page_id=39\">Contact<\/a><\/h3>\n\n\n\n<h3 class=\"wp-block-heading\" id=\"1428066521\">Repr\u00e9sentant l\u00e9gal<\/h3>\n\n\n\n<p>Christiane Bopp-Limoge Formatrice<\/p>\n\n\n\n<h3 class=\"wp-block-heading\" id=\"1922097649\">Immatriculation<\/h3>\n\n\n\n<p>N\u00b0 SIREN 350 172 193 <\/p>\n\n\n\n<p>Code NAF ****<\/p>\n\n\n\n<h2 class=\"wp-block-heading\" id=\"politique-de-confidentialite-respect-de-la-legislation-d-apres\">Politique de confidentialit\u00e9 &#8211; Respect de la l\u00e9gislation d&rsquo;apr\u00e8s : <\/h2>\n\n\n\n<ul class=\"wp-block-list\"><li><a href=\"https:\/\/www.economie.gouv.fr\/entreprises\/reglement-general-sur-protection-des-donnees-rgpd\">https:\/\/www.economie.gouv.fr\/entreprises\/reglement-general-sur-protection-des-donnees-rgpd<\/a> <\/li><li>  <a href=\"https:\/\/www.cnil.fr\/sites\/default\/files\/atoms\/files\/guide_durees_de_conservation.pdf\">https:\/\/www.cnil.fr\/sites\/default\/files\/atoms\/files\/guide_durees_de_conservation.pdf<\/a><\/li><\/ul>\n\n\n\n<p>Il y a deux niveaux de recueil des donn\u00e9es : <\/p>\n\n\n\n<ul class=\"wp-block-list\"><li><strong>Lors de votre r\u00e9servation de Rendez-Vous<\/strong>, je vous demande les donn\u00e9es essentielles permettant de communiquer avec vous : votre nom, pr\u00e9nom, num\u00e9ro de t\u00e9l\u00e9phone pour vous joindre \u00e9ventuellement en cas de changement de derni\u00e8re minute, et si possible votre adresse email pour vous transmettre des informations pratiques si besoin. <\/li><\/ul>\n\n\n\n<p>Je peux avoir \u00e0 recueillir, utiliser, conserver et partager les informations ci-dessus, si je pense en toute bonne foi que cela est n\u00e9cessaire et raisonnable pour : <\/p>\n\n\n\n<p>R\u00e9pondre \u00e0 un processus juridique ou une demande de l\u2019\u00e9tat ; <\/p>\n\n\n\n<p>Faire appliquer mes accords, conditions, r\u00e8glements, nos conventions, ; <\/p>\n\n\n\n<p>Emp\u00eacher, enqu\u00eater sur ou g\u00e9rer toute fraude ou autre activit\u00e9 ill\u00e9gale, ou tout probl\u00e8me technique ou de s\u00e9curit\u00e9 ; <\/p>\n\n\n\n<p>Prot\u00e9ger les droits, la propri\u00e9t\u00e9 et la s\u00e9curit\u00e9 de mes clients ou d\u2019autres personnes.<\/p>\n\n\n\n<ul class=\"wp-block-list\"><li>Lors de vos s\u00e9ances \u00e0 l&rsquo;atelier : avec votre accord, je tiens un fichier clients qui contient des \u00e9l\u00e9ments cl\u00e9s du d\u00e9roulement des s\u00e9ances, pour me permettre de r\u00e9fl\u00e9chir afin de vous accompagner au mieux dans l&rsquo;\u00e9volution de votre formation.<\/li><li>En entreprise je me conforme aux r\u00e8gles de confidentialit\u00e9s sp\u00e9cifiques de l&rsquo;entreprise.<\/li><\/ul>\n\n\n\n<p><strong>Conservation des donn\u00e9es<\/strong><\/p>\n\n\n\n<p>Je conserve vos informations aussi longtemps que n\u00e9cessaire pour vous fournir mes services et aux fins \u00e9tablies dans mes r\u00e8gles de confidentialit\u00e9. Je peux \u00e9galement avoir \u00e0 conserver ces informations pour me conformer \u00e0 des obligations l\u00e9gislatives et juridiques, r\u00e9soudre des litiges et faire appliquer mes engagements. Conform\u00e9ment aux r\u00e8gles en vigueur au 20.1.22, je les conserve pour une dur\u00e9e de 10 ans.<\/p>\n\n\n\n<p><strong>Vos droits<\/strong><\/p>\n\n\n\n<p>Vous disposez de certains droits relatifs \u00e0 vos informations personnelles. Certains de ces droits s\u2019appliquent de fa\u00e7on g\u00e9n\u00e9rale, et d\u2019autres uniquement dans des cas limit\u00e9s. <\/p>\n\n\n\n<p>Vos droits sont les suivants :<\/p>\n\n\n\n<p>&#8211;&nbsp;&nbsp;Vous pouvez <strong>acc\u00e9der aux informations personnelles que je d\u00e9tiens vous concernant et d\u2019en recevoir une copie<\/strong> en me contactant. Mes coordonn\u00e9es se trouvent \u00e0 la rubrique contact.<\/p>\n\n\n\n<p>&nbsp;&#8211;&nbsp;Vous pouvez me demander de <strong>modifier vos informations personnelles, de restreindre mon utilisation de celles-ci ou de les supprimer<\/strong>. En dehors de circonstances exceptionnelles , je supprimerai g\u00e9n\u00e9ralement vos informations personnelles sur simple demande.<\/p>\n\n\n\n<p>&nbsp;&#8211;&nbsp; Vous pouvez <strong>vous opposer \u00e0 la r\u00e9ception de messages marketing de ma part apr\u00e8s avoir explicitement consenti \u00e0 les recevoir.<\/strong> Alors, je supprimerai vos informations personnelles \u00e0 moins de disposer de motifs l\u00e9gitimes pour poursuivre l\u2019utilisation de celles-ci, dans les cas o\u00f9 elles sont n\u00e9cessaires pour des raisons l\u00e9gales.<\/p>\n\n\n\n<p>&nbsp;&#8211;&nbsp; Vous pouvez vous <strong>plaindre<\/strong>  dans l&rsquo;Union Europ\u00e9enne, aupr\u00e8s de vos autorit\u00e9s locales de protection des donn\u00e9es si vous souhaitez manifester une inqui\u00e9tude quant \u00e0 mon utilisation de vos informations (et sans porter atteinte aux autres droits).<\/p>\n\n\n\n<p><\/p>\n\n\n\n<p><strong>Dans le cadre de la loi europ\u00e9enne sur la protection des donn\u00e9es<\/strong>, je soussign\u00e9, Christiane Bopp-Limoge, certifie \u00eatre le responsable du traitement des donn\u00e9es qui concerne vos informations personnelles. Pour toute question ou pr\u00e9occupation, vous pouvez me contacter par mail ou courrier postal ou me poser directement la question lors d&rsquo;un RDV. <a href=\"https:\/\/atelieralaiseensoimeme.jcbl.fr\/?page_id=39\">Contact<\/a><\/p>\n\n\n\n<p><strong>Cookies<\/strong><\/p>\n\n\n\n<ul class=\"wp-block-list\"><li>Qu&rsquo;est-ce que c&rsquo;est ? <\/li><\/ul>\n\n\n\n<p>Un cookie, ou traceur, est un petit fichier qui est enregistr\u00e9 sur l&rsquo;ordinateur du visiteur du site Web. Il permet, par exemple, de stocker des pr\u00e9f\u00e9rences (langue utilis\u00e9e, personnalisation de pages etc&#8230;). Ces informations sont enregistr\u00e9es dans un fichier texte. Si le visiteur ouvre \u00e0 nouveau le m\u00eame site Web, le navigateur envoie une copie du cookie au serveur Web. Le visiteur peut alors \u00eatre identifi\u00e9 , ce qui permet d&rsquo;adapter \u00e9ventuellement le site Web au visiteur.<\/p>\n\n\n\n<p>La directive europ\u00e9enne relative aux cookies diff\u00e9rencie les cookies de profilage (autorisation n\u00e9cessaire) et les cookies techniques (aucune autorisation n\u00e9cessaire) :<\/p>\n\n\n\n<p>&nbsp;&nbsp;&nbsp; <strong>Cookies de profilage<\/strong> : Ce type de cookies est utilis\u00e9 pour analyser l&rsquo;utilisation d&rsquo;un site Web, collecter des informations afin d&rsquo;individualiser la visite du site Web. Ce type de cookies permet de proposer des offres adapt\u00e9es aux pr\u00e9f\u00e9rences du visiteur. L&rsquo;autorisation du visiteur est n\u00e9cessaire. <strong>Ces cookies ne sont pas utilis\u00e9s sur mon site.<\/strong><\/p>\n\n\n\n<p>&nbsp;&nbsp;&nbsp; <strong>Cookies technique<\/strong>s : Ce type de cookies est utilis\u00e9 pour garantir le bon fonctionnement du site Web par exemple pour prendre RDV, ou r\u00e9aliser un achat. L&rsquo;autorisation du visiteur n&rsquo;est pas n\u00e9cessaire. <strong>Mon site utilise uniquement ce type de cookies<\/strong><\/p>\n\n\n\n<p>Le site de l&rsquo;Atelier A l&rsquo;aise en soi-m\u00eame est h\u00e9berg\u00e9 par Ionos 1&amp;1. Il utilise des cookies afin d\u2019am\u00e9liorer votre navigation et d\u2019effectuer le suivi de la fr\u00e9quentation du site via les services Google Analytics).<\/p>\n\n\n\n<p><strong>Vous avez la possibilit\u00e9 de d\u00e9sactiver les cookies <\/strong>en vous rendant dans les options de votre navigateur.<\/p>\n\n\n\n<p>Christiane Bopp-Limoge est propri\u00e9taire des droits de propri\u00e9t\u00e9 intellectuelle et d\u00e9tient les droits d\u2019usage sur tous les \u00e9l\u00e9ments accessibles du site, notamment les textes, images, graphismes, logo, ic\u00f4nes.<\/p>\n\n\n\n<p>Toute reproduction, repr\u00e9sentation, modification, publication, adaptation de tout ou partie des \u00e9l\u00e9ments du site, quel que soit le moyen ou le proc\u00e9d\u00e9 utilis\u00e9, est interdite, sauf autorisation \u00e9crite pr\u00e9alable de Christiane Bopp-Limoge<\/p>\n\n\n\n<p>Toute exploitation non autoris\u00e9e du site ou de l\u2019un quelconque des \u00e9l\u00e9ments qu\u2019il contient sera consid\u00e9r\u00e9e comme constitutive d\u2019une contrefa\u00e7on et poursuivie conform\u00e9ment aux dispositions des articles L.335-2 et suivants du Code de Propri\u00e9t\u00e9 Intellectuelle.<\/p>\n","protected":false},"excerpt":{"rendered":"<p>Cadre \u00e9thique : Ce document, et plus largement le contenu du site internet de l&rsquo;Atelier \u00e0 l&rsquo;aise en soi-m\u00eame, vous donnent des informations sur le fonctionnement. 1- Cadre de r\u00e9f\u00e9rence : Je vous re\u00e7ois \u00e0 l&rsquo;atelier \u00e0 l&rsquo;aise en soi-m\u00eame en r\u00e9ponse \u00e0 votre demande d&rsquo;auto-formation. J&rsquo;exerce hors m\u00e9decine, hors assurance maladie. Si vous avez [&hellip;]<\/p>\n","protected":false},"author":1,"featured_media":0,"parent":0,"menu_order":0,"comment_status":"closed","ping_status":"closed","template":"","meta":{"footnotes":""},"class_list":["post-36","page","type-page","status-publish","hentry"],"yoast_head":"<!-- This site is optimized with the Yoast SEO plugin v27.5 - https:\/\/yoast.com\/product\/yoast-seo-wordpress\/ -->\n<title>Cadre \u00e9thique - Mentions l\u00e9gales - ATELIER A L AISE EN SOI MEME<\/title>\n<meta name=\"robots\" content=\"noindex, follow, max-snippet:-1, max-image-preview:large, max-video-preview:-1\" \/>\n<meta property=\"og:locale\" content=\"fr_FR\" \/>\n<meta property=\"og:type\" content=\"article\" \/>\n<meta property=\"og:title\" content=\"Cadre \u00e9thique - Mentions l\u00e9gales - ATELIER A L AISE EN SOI MEME\" \/>\n<meta property=\"og:description\" content=\"Cadre \u00e9thique : Ce document, et plus largement le contenu du site internet de l&rsquo;Atelier \u00e0 l&rsquo;aise en soi-m\u00eame, vous donnent des informations sur le fonctionnement. 1- Cadre de r\u00e9f\u00e9rence : Je vous re\u00e7ois \u00e0 l&rsquo;atelier \u00e0 l&rsquo;aise en soi-m\u00eame en r\u00e9ponse \u00e0 votre demande d&rsquo;auto-formation. J&rsquo;exerce hors m\u00e9decine, hors assurance maladie. Si vous avez [&hellip;]\" \/>\n<meta property=\"og:url\" content=\"https:\/\/atelieralaiseensoimeme.jcbl.fr\/?page_id=36\" \/>\n<meta property=\"og:site_name\" content=\"ATELIER A L AISE EN SOI MEME\" \/>\n<meta property=\"article:modified_time\" content=\"2022-02-13T10:52:02+00:00\" \/>\n<meta name=\"twitter:card\" content=\"summary_large_image\" \/>\n<meta name=\"twitter:label1\" content=\"Dur\u00e9e de lecture estim\u00e9e\" \/>\n\t<meta name=\"twitter:data1\" content=\"8 minutes\" \/>\n<script type=\"application\/ld+json\" class=\"yoast-schema-graph\">{\"@context\":\"https:\\\/\\\/schema.org\",\"@graph\":[{\"@type\":\"WebPage\",\"@id\":\"https:\\\/\\\/atelieralaiseensoimeme.jcbl.fr\\\/?page_id=36\",\"url\":\"https:\\\/\\\/atelieralaiseensoimeme.jcbl.fr\\\/?page_id=36\",\"name\":\"Cadre \u00e9thique - Mentions l\u00e9gales - ATELIER A L AISE EN SOI MEME\",\"isPartOf\":{\"@id\":\"https:\\\/\\\/atelieralaiseensoimeme.jcbl.fr\\\/#website\"},\"datePublished\":\"2022-01-06T13:55:09+00:00\",\"dateModified\":\"2022-02-13T10:52:02+00:00\",\"breadcrumb\":{\"@id\":\"https:\\\/\\\/atelieralaiseensoimeme.jcbl.fr\\\/?page_id=36#breadcrumb\"},\"inLanguage\":\"fr-FR\",\"potentialAction\":[{\"@type\":\"ReadAction\",\"target\":[\"https:\\\/\\\/atelieralaiseensoimeme.jcbl.fr\\\/?page_id=36\"]}]},{\"@type\":\"BreadcrumbList\",\"@id\":\"https:\\\/\\\/atelieralaiseensoimeme.jcbl.fr\\\/?page_id=36#breadcrumb\",\"itemListElement\":[{\"@type\":\"ListItem\",\"position\":1,\"name\":\"Accueil\",\"item\":\"https:\\\/\\\/atelieralaiseensoimeme.jcbl.fr\\\/\"},{\"@type\":\"ListItem\",\"position\":2,\"name\":\"Cadre \u00e9thique &#8211; Mentions l\u00e9gales\"}]},{\"@type\":\"WebSite\",\"@id\":\"https:\\\/\\\/atelieralaiseensoimeme.jcbl.fr\\\/#website\",\"url\":\"https:\\\/\\\/atelieralaiseensoimeme.jcbl.fr\\\/\",\"name\":\"ATELIER A L AISE EN SOI MEME\",\"description\":\"Comp\u00e9tences et \u00e9quilibres\",\"publisher\":{\"@id\":\"https:\\\/\\\/atelieralaiseensoimeme.jcbl.fr\\\/#organization\"},\"potentialAction\":[{\"@type\":\"SearchAction\",\"target\":{\"@type\":\"EntryPoint\",\"urlTemplate\":\"https:\\\/\\\/atelieralaiseensoimeme.jcbl.fr\\\/?s={search_term_string}\"},\"query-input\":{\"@type\":\"PropertyValueSpecification\",\"valueRequired\":true,\"valueName\":\"search_term_string\"}}],\"inLanguage\":\"fr-FR\"},{\"@type\":\"Organization\",\"@id\":\"https:\\\/\\\/atelieralaiseensoimeme.jcbl.fr\\\/#organization\",\"name\":\"ATELIER A L'AISE EN SOI-MEME\",\"url\":\"https:\\\/\\\/atelieralaiseensoimeme.jcbl.fr\\\/\",\"logo\":{\"@type\":\"ImageObject\",\"inLanguage\":\"fr-FR\",\"@id\":\"https:\\\/\\\/atelieralaiseensoimeme.jcbl.fr\\\/#\\\/schema\\\/logo\\\/image\\\/\",\"url\":\"https:\\\/\\\/atelieralaiseensoimeme.jcbl.fr\\\/wp-content\\\/uploads\\\/2022\\\/01\\\/cropped-40380018_mOptimized.jpg\",\"contentUrl\":\"https:\\\/\\\/atelieralaiseensoimeme.jcbl.fr\\\/wp-content\\\/uploads\\\/2022\\\/01\\\/cropped-40380018_mOptimized.jpg\",\"width\":512,\"height\":512,\"caption\":\"ATELIER A L'AISE EN SOI-MEME\"},\"image\":{\"@id\":\"https:\\\/\\\/atelieralaiseensoimeme.jcbl.fr\\\/#\\\/schema\\\/logo\\\/image\\\/\"}}]}<\/script>\n<!-- \/ Yoast SEO plugin. -->","yoast_head_json":{"title":"Cadre \u00e9thique - Mentions l\u00e9gales - ATELIER A L AISE EN SOI MEME","robots":{"index":"noindex","follow":"follow","max-snippet":"max-snippet:-1","max-image-preview":"max-image-preview:large","max-video-preview":"max-video-preview:-1"},"og_locale":"fr_FR","og_type":"article","og_title":"Cadre \u00e9thique - Mentions l\u00e9gales - ATELIER A L AISE EN SOI MEME","og_description":"Cadre \u00e9thique : Ce document, et plus largement le contenu du site internet de l&rsquo;Atelier \u00e0 l&rsquo;aise en soi-m\u00eame, vous donnent des informations sur le fonctionnement. 1- Cadre de r\u00e9f\u00e9rence : Je vous re\u00e7ois \u00e0 l&rsquo;atelier \u00e0 l&rsquo;aise en soi-m\u00eame en r\u00e9ponse \u00e0 votre demande d&rsquo;auto-formation. J&rsquo;exerce hors m\u00e9decine, hors assurance maladie. Si vous avez [&hellip;]","og_url":"https:\/\/atelieralaiseensoimeme.jcbl.fr\/?page_id=36","og_site_name":"ATELIER A L AISE EN SOI MEME","article_modified_time":"2022-02-13T10:52:02+00:00","twitter_card":"summary_large_image","twitter_misc":{"Dur\u00e9e de lecture estim\u00e9e":"8 minutes"},"schema":{"@context":"https:\/\/schema.org","@graph":[{"@type":"WebPage","@id":"https:\/\/atelieralaiseensoimeme.jcbl.fr\/?page_id=36","url":"https:\/\/atelieralaiseensoimeme.jcbl.fr\/?page_id=36","name":"Cadre \u00e9thique - Mentions l\u00e9gales - ATELIER A L AISE EN SOI MEME","isPartOf":{"@id":"https:\/\/atelieralaiseensoimeme.jcbl.fr\/#website"},"datePublished":"2022-01-06T13:55:09+00:00","dateModified":"2022-02-13T10:52:02+00:00","breadcrumb":{"@id":"https:\/\/atelieralaiseensoimeme.jcbl.fr\/?page_id=36#breadcrumb"},"inLanguage":"fr-FR","potentialAction":[{"@type":"ReadAction","target":["https:\/\/atelieralaiseensoimeme.jcbl.fr\/?page_id=36"]}]},{"@type":"BreadcrumbList","@id":"https:\/\/atelieralaiseensoimeme.jcbl.fr\/?page_id=36#breadcrumb","itemListElement":[{"@type":"ListItem","position":1,"name":"Accueil","item":"https:\/\/atelieralaiseensoimeme.jcbl.fr\/"},{"@type":"ListItem","position":2,"name":"Cadre \u00e9thique &#8211; Mentions l\u00e9gales"}]},{"@type":"WebSite","@id":"https:\/\/atelieralaiseensoimeme.jcbl.fr\/#website","url":"https:\/\/atelieralaiseensoimeme.jcbl.fr\/","name":"ATELIER A L AISE EN SOI MEME","description":"Comp\u00e9tences et \u00e9quilibres","publisher":{"@id":"https:\/\/atelieralaiseensoimeme.jcbl.fr\/#organization"},"potentialAction":[{"@type":"SearchAction","target":{"@type":"EntryPoint","urlTemplate":"https:\/\/atelieralaiseensoimeme.jcbl.fr\/?s={search_term_string}"},"query-input":{"@type":"PropertyValueSpecification","valueRequired":true,"valueName":"search_term_string"}}],"inLanguage":"fr-FR"},{"@type":"Organization","@id":"https:\/\/atelieralaiseensoimeme.jcbl.fr\/#organization","name":"ATELIER A L'AISE EN SOI-MEME","url":"https:\/\/atelieralaiseensoimeme.jcbl.fr\/","logo":{"@type":"ImageObject","inLanguage":"fr-FR","@id":"https:\/\/atelieralaiseensoimeme.jcbl.fr\/#\/schema\/logo\/image\/","url":"https:\/\/atelieralaiseensoimeme.jcbl.fr\/wp-content\/uploads\/2022\/01\/cropped-40380018_mOptimized.jpg","contentUrl":"https:\/\/atelieralaiseensoimeme.jcbl.fr\/wp-content\/uploads\/2022\/01\/cropped-40380018_mOptimized.jpg","width":512,"height":512,"caption":"ATELIER A L'AISE EN SOI-MEME"},"image":{"@id":"https:\/\/atelieralaiseensoimeme.jcbl.fr\/#\/schema\/logo\/image\/"}}]}},"_links":{"self":[{"href":"https:\/\/atelieralaiseensoimeme.jcbl.fr\/index.php?rest_route=\/wp\/v2\/pages\/36","targetHints":{"allow":["GET"]}}],"collection":[{"href":"https:\/\/atelieralaiseensoimeme.jcbl.fr\/index.php?rest_route=\/wp\/v2\/pages"}],"about":[{"href":"https:\/\/atelieralaiseensoimeme.jcbl.fr\/index.php?rest_route=\/wp\/v2\/types\/page"}],"author":[{"embeddable":true,"href":"https:\/\/atelieralaiseensoimeme.jcbl.fr\/index.php?rest_route=\/wp\/v2\/users\/1"}],"replies":[{"embeddable":true,"href":"https:\/\/atelieralaiseensoimeme.jcbl.fr\/index.php?rest_route=%2Fwp%2Fv2%2Fcomments&post=36"}],"version-history":[{"count":13,"href":"https:\/\/atelieralaiseensoimeme.jcbl.fr\/index.php?rest_route=\/wp\/v2\/pages\/36\/revisions"}],"predecessor-version":[{"id":650,"href":"https:\/\/atelieralaiseensoimeme.jcbl.fr\/index.php?rest_route=\/wp\/v2\/pages\/36\/revisions\/650"}],"wp:attachment":[{"href":"https:\/\/atelieralaiseensoimeme.jcbl.fr\/index.php?rest_route=%2Fwp%2Fv2%2Fmedia&parent=36"}],"curies":[{"name":"wp","href":"https:\/\/api.w.org\/{rel}","templated":true}]}}