{"id":32,"date":"2022-01-06T13:55:09","date_gmt":"2022-01-06T13:55:09","guid":{"rendered":"https:\/\/atelieralaiseensoimeme.live-website.com\/?page_id=32"},"modified":"2022-02-17T09:46:13","modified_gmt":"2022-02-17T08:46:13","slug":"tarifs","status":"publish","type":"page","link":"https:\/\/atelieralaiseensoimeme.jcbl.fr\/?page_id=32","title":{"rendered":"Tarifs"},"content":{"rendered":"\n<h2 class=\"wp-block-heading\" id=\"pour-venir-seul-e-a-deux-en-groupe-ou-en-famille\">Pour venir seul.e, \u00e0 deux, en groupe, ou en famille <\/h2>\n\n\n\n<p>vous r\u00e9servez :<\/p>\n\n\n\n<ul class=\"wp-block-list\"><li>un cr\u00e9neau de 25 mn \u00e0 40 euros <\/li><li>ou de 55mn \u00e0 80 euros <\/li><\/ul>\n\n\n\n<p>R\u00e8glement en esp\u00e8ces, ch\u00e8que, ou carte bancaire.<\/p>\n\n\n\n<p><strong>Tout RDV r\u00e9serv\u00e9, non honor\u00e9, non excus\u00e9 48h avant, est factur\u00e9.<\/strong><\/p>\n\n\n\n<p>Le montant de ces honoraires vous est communiqu\u00e9 \u00e0 titre indicatif. Il peut varier selon le type d\u2019intervention. En cas de d\u00e9passement des tarifs, vous en \u00eates averti.e pr\u00e9alablement. Car les ateliers personnalis\u00e9s (selon la dur\u00e9e, le lieu, \u00e9ventuellement le contenu ou les m\u00e9thodes souhait\u00e9es) font l&rsquo;objet d&rsquo;un devis \u00e0 \u00e9tablir.<\/p>\n\n\n\n<h2 class=\"wp-block-heading\" id=\"les-ateliers-en-entreprise\"> Les ateliers en entreprise :<\/h2>\n\n\n\n<p>Ils font l&rsquo;objet d&rsquo;un devis et d&rsquo;une convention. <\/p>\n\n\n\n<h2 class=\"wp-block-heading\" id=\"contact\"><a href=\"https:\/\/atelieralaiseensoimeme.jcbl.fr\/?page_id=39\">Contact<\/a> <\/h2>\n","protected":false},"excerpt":{"rendered":"<p>Pour venir seul.e, \u00e0 deux, en groupe, ou en famille vous r\u00e9servez : un cr\u00e9neau de 25 mn \u00e0 40 euros ou de 55mn \u00e0 80 euros R\u00e8glement en esp\u00e8ces, ch\u00e8que, ou carte bancaire. Tout RDV r\u00e9serv\u00e9, non honor\u00e9, non excus\u00e9 48h avant, est factur\u00e9. Le montant de ces honoraires vous est communiqu\u00e9 \u00e0 titre [&hellip;]<\/p>\n","protected":false},"author":1,"featured_media":0,"parent":0,"menu_order":0,"comment_status":"closed","ping_status":"closed","template":"","meta":{"footnotes":""},"class_list":["post-32","page","type-page","status-publish","hentry"],"yoast_head":"<!-- This site is optimized with the Yoast SEO plugin v27.5 - https:\/\/yoast.com\/product\/yoast-seo-wordpress\/ -->\n<title>Tarifs - ATELIER A L AISE EN SOI MEME<\/title>\n<meta name=\"description\" content=\"Certains tarifs de formations assur\u00e9es par Christiane BOPP-LIMOGE dans lAtelier \u00e0 l&#039;aise en soi-m\u00eame, pour assurer ses \u00e9quilibres et d\u00e9velopper ses comp\u00e9tences.\" \/>\n<meta name=\"robots\" content=\"noindex, follow, max-snippet:-1, max-image-preview:large, max-video-preview:-1\" \/>\n<meta property=\"og:locale\" content=\"fr_FR\" \/>\n<meta property=\"og:type\" content=\"article\" \/>\n<meta property=\"og:title\" content=\"Tarifs - ATELIER A L AISE EN SOI MEME\" \/>\n<meta property=\"og:description\" content=\"Certains tarifs de formations assur\u00e9es par Christiane BOPP-LIMOGE dans lAtelier \u00e0 l&#039;aise en soi-m\u00eame, pour assurer ses \u00e9quilibres et d\u00e9velopper ses comp\u00e9tences.\" \/>\n<meta property=\"og:url\" content=\"https:\/\/atelieralaiseensoimeme.jcbl.fr\/?page_id=32\" \/>\n<meta property=\"og:site_name\" content=\"ATELIER A L AISE EN SOI MEME\" \/>\n<meta property=\"article:modified_time\" content=\"2022-02-17T08:46:13+00:00\" \/>\n<meta name=\"twitter:card\" content=\"summary_large_image\" \/>\n<meta name=\"twitter:label1\" content=\"Dur\u00e9e de lecture estim\u00e9e\" \/>\n\t<meta name=\"twitter:data1\" content=\"1 minute\" \/>\n<script type=\"application\/ld+json\" class=\"yoast-schema-graph\">{\"@context\":\"https:\\\/\\\/schema.org\",\"@graph\":[{\"@type\":\"WebPage\",\"@id\":\"https:\\\/\\\/atelieralaiseensoimeme.jcbl.fr\\\/?page_id=32\",\"url\":\"https:\\\/\\\/atelieralaiseensoimeme.jcbl.fr\\\/?page_id=32\",\"name\":\"Tarifs - ATELIER A L AISE EN SOI MEME\",\"isPartOf\":{\"@id\":\"https:\\\/\\\/atelieralaiseensoimeme.jcbl.fr\\\/#website\"},\"datePublished\":\"2022-01-06T13:55:09+00:00\",\"dateModified\":\"2022-02-17T08:46:13+00:00\",\"description\":\"Certains tarifs de formations assur\u00e9es par Christiane BOPP-LIMOGE dans lAtelier \u00e0 l'aise en soi-m\u00eame, pour assurer ses \u00e9quilibres et d\u00e9velopper ses comp\u00e9tences.\",\"breadcrumb\":{\"@id\":\"https:\\\/\\\/atelieralaiseensoimeme.jcbl.fr\\\/?page_id=32#breadcrumb\"},\"inLanguage\":\"fr-FR\",\"potentialAction\":[{\"@type\":\"ReadAction\",\"target\":[\"https:\\\/\\\/atelieralaiseensoimeme.jcbl.fr\\\/?page_id=32\"]}]},{\"@type\":\"BreadcrumbList\",\"@id\":\"https:\\\/\\\/atelieralaiseensoimeme.jcbl.fr\\\/?page_id=32#breadcrumb\",\"itemListElement\":[{\"@type\":\"ListItem\",\"position\":1,\"name\":\"Accueil\",\"item\":\"https:\\\/\\\/atelieralaiseensoimeme.jcbl.fr\\\/\"},{\"@type\":\"ListItem\",\"position\":2,\"name\":\"Tarifs\"}]},{\"@type\":\"WebSite\",\"@id\":\"https:\\\/\\\/atelieralaiseensoimeme.jcbl.fr\\\/#website\",\"url\":\"https:\\\/\\\/atelieralaiseensoimeme.jcbl.fr\\\/\",\"name\":\"ATELIER A L AISE EN SOI MEME\",\"description\":\"Comp\u00e9tences et \u00e9quilibres\",\"publisher\":{\"@id\":\"https:\\\/\\\/atelieralaiseensoimeme.jcbl.fr\\\/#organization\"},\"potentialAction\":[{\"@type\":\"SearchAction\",\"target\":{\"@type\":\"EntryPoint\",\"urlTemplate\":\"https:\\\/\\\/atelieralaiseensoimeme.jcbl.fr\\\/?s={search_term_string}\"},\"query-input\":{\"@type\":\"PropertyValueSpecification\",\"valueRequired\":true,\"valueName\":\"search_term_string\"}}],\"inLanguage\":\"fr-FR\"},{\"@type\":\"Organization\",\"@id\":\"https:\\\/\\\/atelieralaiseensoimeme.jcbl.fr\\\/#organization\",\"name\":\"ATELIER A L'AISE EN SOI-MEME\",\"url\":\"https:\\\/\\\/atelieralaiseensoimeme.jcbl.fr\\\/\",\"logo\":{\"@type\":\"ImageObject\",\"inLanguage\":\"fr-FR\",\"@id\":\"https:\\\/\\\/atelieralaiseensoimeme.jcbl.fr\\\/#\\\/schema\\\/logo\\\/image\\\/\",\"url\":\"https:\\\/\\\/atelieralaiseensoimeme.jcbl.fr\\\/wp-content\\\/uploads\\\/2022\\\/01\\\/cropped-40380018_mOptimized.jpg\",\"contentUrl\":\"https:\\\/\\\/atelieralaiseensoimeme.jcbl.fr\\\/wp-content\\\/uploads\\\/2022\\\/01\\\/cropped-40380018_mOptimized.jpg\",\"width\":512,\"height\":512,\"caption\":\"ATELIER A L'AISE EN SOI-MEME\"},\"image\":{\"@id\":\"https:\\\/\\\/atelieralaiseensoimeme.jcbl.fr\\\/#\\\/schema\\\/logo\\\/image\\\/\"}}]}<\/script>\n<!-- \/ Yoast SEO plugin. -->","yoast_head_json":{"title":"Tarifs - ATELIER A L AISE EN SOI MEME","description":"Certains tarifs de formations assur\u00e9es par Christiane BOPP-LIMOGE dans lAtelier \u00e0 l'aise en soi-m\u00eame, pour assurer ses \u00e9quilibres et d\u00e9velopper ses comp\u00e9tences.","robots":{"index":"noindex","follow":"follow","max-snippet":"max-snippet:-1","max-image-preview":"max-image-preview:large","max-video-preview":"max-video-preview:-1"},"og_locale":"fr_FR","og_type":"article","og_title":"Tarifs - ATELIER A L AISE EN SOI MEME","og_description":"Certains tarifs de formations assur\u00e9es par Christiane BOPP-LIMOGE dans lAtelier \u00e0 l'aise en soi-m\u00eame, pour assurer ses \u00e9quilibres et d\u00e9velopper ses comp\u00e9tences.","og_url":"https:\/\/atelieralaiseensoimeme.jcbl.fr\/?page_id=32","og_site_name":"ATELIER A L AISE EN SOI MEME","article_modified_time":"2022-02-17T08:46:13+00:00","twitter_card":"summary_large_image","twitter_misc":{"Dur\u00e9e de lecture estim\u00e9e":"1 minute"},"schema":{"@context":"https:\/\/schema.org","@graph":[{"@type":"WebPage","@id":"https:\/\/atelieralaiseensoimeme.jcbl.fr\/?page_id=32","url":"https:\/\/atelieralaiseensoimeme.jcbl.fr\/?page_id=32","name":"Tarifs - ATELIER A L AISE EN SOI MEME","isPartOf":{"@id":"https:\/\/atelieralaiseensoimeme.jcbl.fr\/#website"},"datePublished":"2022-01-06T13:55:09+00:00","dateModified":"2022-02-17T08:46:13+00:00","description":"Certains tarifs de formations assur\u00e9es par Christiane BOPP-LIMOGE dans lAtelier \u00e0 l'aise en soi-m\u00eame, pour assurer ses \u00e9quilibres et d\u00e9velopper ses comp\u00e9tences.","breadcrumb":{"@id":"https:\/\/atelieralaiseensoimeme.jcbl.fr\/?page_id=32#breadcrumb"},"inLanguage":"fr-FR","potentialAction":[{"@type":"ReadAction","target":["https:\/\/atelieralaiseensoimeme.jcbl.fr\/?page_id=32"]}]},{"@type":"BreadcrumbList","@id":"https:\/\/atelieralaiseensoimeme.jcbl.fr\/?page_id=32#breadcrumb","itemListElement":[{"@type":"ListItem","position":1,"name":"Accueil","item":"https:\/\/atelieralaiseensoimeme.jcbl.fr\/"},{"@type":"ListItem","position":2,"name":"Tarifs"}]},{"@type":"WebSite","@id":"https:\/\/atelieralaiseensoimeme.jcbl.fr\/#website","url":"https:\/\/atelieralaiseensoimeme.jcbl.fr\/","name":"ATELIER A L AISE EN SOI MEME","description":"Comp\u00e9tences et \u00e9quilibres","publisher":{"@id":"https:\/\/atelieralaiseensoimeme.jcbl.fr\/#organization"},"potentialAction":[{"@type":"SearchAction","target":{"@type":"EntryPoint","urlTemplate":"https:\/\/atelieralaiseensoimeme.jcbl.fr\/?s={search_term_string}"},"query-input":{"@type":"PropertyValueSpecification","valueRequired":true,"valueName":"search_term_string"}}],"inLanguage":"fr-FR"},{"@type":"Organization","@id":"https:\/\/atelieralaiseensoimeme.jcbl.fr\/#organization","name":"ATELIER A L'AISE EN SOI-MEME","url":"https:\/\/atelieralaiseensoimeme.jcbl.fr\/","logo":{"@type":"ImageObject","inLanguage":"fr-FR","@id":"https:\/\/atelieralaiseensoimeme.jcbl.fr\/#\/schema\/logo\/image\/","url":"https:\/\/atelieralaiseensoimeme.jcbl.fr\/wp-content\/uploads\/2022\/01\/cropped-40380018_mOptimized.jpg","contentUrl":"https:\/\/atelieralaiseensoimeme.jcbl.fr\/wp-content\/uploads\/2022\/01\/cropped-40380018_mOptimized.jpg","width":512,"height":512,"caption":"ATELIER A L'AISE EN SOI-MEME"},"image":{"@id":"https:\/\/atelieralaiseensoimeme.jcbl.fr\/#\/schema\/logo\/image\/"}}]}},"_links":{"self":[{"href":"https:\/\/atelieralaiseensoimeme.jcbl.fr\/index.php?rest_route=\/wp\/v2\/pages\/32","targetHints":{"allow":["GET"]}}],"collection":[{"href":"https:\/\/atelieralaiseensoimeme.jcbl.fr\/index.php?rest_route=\/wp\/v2\/pages"}],"about":[{"href":"https:\/\/atelieralaiseensoimeme.jcbl.fr\/index.php?rest_route=\/wp\/v2\/types\/page"}],"author":[{"embeddable":true,"href":"https:\/\/atelieralaiseensoimeme.jcbl.fr\/index.php?rest_route=\/wp\/v2\/users\/1"}],"replies":[{"embeddable":true,"href":"https:\/\/atelieralaiseensoimeme.jcbl.fr\/index.php?rest_route=%2Fwp%2Fv2%2Fcomments&post=32"}],"version-history":[{"count":10,"href":"https:\/\/atelieralaiseensoimeme.jcbl.fr\/index.php?rest_route=\/wp\/v2\/pages\/32\/revisions"}],"predecessor-version":[{"id":656,"href":"https:\/\/atelieralaiseensoimeme.jcbl.fr\/index.php?rest_route=\/wp\/v2\/pages\/32\/revisions\/656"}],"wp:attachment":[{"href":"https:\/\/atelieralaiseensoimeme.jcbl.fr\/index.php?rest_route=%2Fwp%2Fv2%2Fmedia&parent=32"}],"curies":[{"name":"wp","href":"https:\/\/api.w.org\/{rel}","templated":true}]}}