{"id":226,"date":"2022-01-18T11:29:04","date_gmt":"2022-01-18T10:29:04","guid":{"rendered":"https:\/\/atelieralaiseensoimeme.live-website.com\/?page_id=226"},"modified":"2022-02-13T11:12:09","modified_gmt":"2022-02-13T10:12:09","slug":"ateliers-en-entreprise","status":"publish","type":"page","link":"https:\/\/atelieralaiseensoimeme.jcbl.fr\/?page_id=226","title":{"rendered":"Ateliers en entreprise"},"content":{"rendered":"\n<p>J\u2019interviens sur devis et avec une convention pour des interventions sur mesure : formations th\u00e9oriques, conf\u00e9rences, ateliers pratiques, analyses de pratique.<\/p>\n\n\n\n<p>Quelques exemples : <\/p>\n\n\n\n<ul class=\"wp-block-list\"><li>Elaborer un projet qui favorise la participation des personnes et construire les \u00e9tapes de son \u00e9valuation.<\/li><li>Analyser les pratiques \u00e0 propos des dynamiques relationnelles.<\/li><li>Formation au MOSIPE<\/li><li>Guidance pour aider ses patients, ses clients, ses collaborateurs, son public, \u00e0 formuler des objectifs.<\/li><\/ul>\n\n\n\n<h2 class=\"wp-block-heading\" id=\"en-pratique\">En pratique :<\/h2>\n\n\n\n<p>Nous convenons des objectifs de la formation, des modalit\u00e9s, dur\u00e9e personnalis\u00e9e, et lieu. Un devis est propos\u00e9. R\u00e9digeons une convention.  <\/p>\n\n\n\n<h2 class=\"wp-block-heading\" id=\"lieu-d-intervention\">Lieu d\u2019intervention<\/h2>\n\n\n\n<ul class=\"wp-block-list\"><li>Intervention en entreprise<\/li><li>Intervention dans les locaux de l\u2019Atelier<\/li><li>Intervention dans la nature<\/li><\/ul>\n\n\n\n<p>Pour prendre connaissance des autres ateliers, cliquer ici sur <a href=\"https:\/\/atelieralaiseensoimeme.jcbl.fr\/?page_id=619\">Offres de l\u2019Atelier <\/a><\/p>\n\n\n\n<h2 class=\"wp-block-heading\" id=\"reservation\">R\u00e9servation :<\/h2>\n\n\n\n<ul class=\"wp-block-list\"><li>cliquez <a href=\"https:\/\/atelieralaiseensoimeme.jcbl.fr\/?page_id=39\">ici<\/a> pour me contacter<\/li><\/ul>\n","protected":false},"excerpt":{"rendered":"<p>J\u2019interviens sur devis et avec une convention pour des interventions sur mesure : formations th\u00e9oriques, conf\u00e9rences, ateliers pratiques, analyses de pratique. Quelques exemples : Elaborer un projet qui favorise la participation des personnes et construire les \u00e9tapes de son \u00e9valuation. Analyser les pratiques \u00e0 propos des dynamiques relationnelles. Formation au MOSIPE Guidance pour aider ses [&hellip;]<\/p>\n","protected":false},"author":1,"featured_media":0,"parent":0,"menu_order":0,"comment_status":"closed","ping_status":"closed","template":"","meta":{"footnotes":""},"class_list":["post-226","page","type-page","status-publish","hentry"],"yoast_head":"<!-- This site is optimized with the Yoast SEO plugin v27.5 - https:\/\/yoast.com\/product\/yoast-seo-wordpress\/ -->\n<title>Ateliers en entreprise - ATELIER A L AISE EN SOI MEME<\/title>\n<meta name=\"robots\" content=\"noindex, follow, max-snippet:-1, max-image-preview:large, max-video-preview:-1\" \/>\n<meta property=\"og:locale\" content=\"fr_FR\" \/>\n<meta property=\"og:type\" content=\"article\" \/>\n<meta property=\"og:title\" content=\"Ateliers en entreprise - ATELIER A L AISE EN SOI MEME\" \/>\n<meta property=\"og:description\" content=\"J\u2019interviens sur devis et avec une convention pour des interventions sur mesure : formations th\u00e9oriques, conf\u00e9rences, ateliers pratiques, analyses de pratique. Quelques exemples : Elaborer un projet qui favorise la participation des personnes et construire les \u00e9tapes de son \u00e9valuation. Analyser les pratiques \u00e0 propos des dynamiques relationnelles. Formation au MOSIPE Guidance pour aider ses [&hellip;]\" \/>\n<meta property=\"og:url\" content=\"https:\/\/atelieralaiseensoimeme.jcbl.fr\/?page_id=226\" \/>\n<meta property=\"og:site_name\" content=\"ATELIER A L AISE EN SOI MEME\" \/>\n<meta property=\"article:modified_time\" content=\"2022-02-13T10:12:09+00:00\" \/>\n<meta name=\"twitter:card\" content=\"summary_large_image\" \/>\n<meta name=\"twitter:label1\" content=\"Dur\u00e9e de lecture estim\u00e9e\" \/>\n\t<meta name=\"twitter:data1\" content=\"1 minute\" \/>\n<script type=\"application\/ld+json\" class=\"yoast-schema-graph\">{\"@context\":\"https:\\\/\\\/schema.org\",\"@graph\":[{\"@type\":\"WebPage\",\"@id\":\"https:\\\/\\\/atelieralaiseensoimeme.jcbl.fr\\\/?page_id=226\",\"url\":\"https:\\\/\\\/atelieralaiseensoimeme.jcbl.fr\\\/?page_id=226\",\"name\":\"Ateliers en entreprise - ATELIER A L AISE EN SOI MEME\",\"isPartOf\":{\"@id\":\"https:\\\/\\\/atelieralaiseensoimeme.jcbl.fr\\\/#website\"},\"datePublished\":\"2022-01-18T10:29:04+00:00\",\"dateModified\":\"2022-02-13T10:12:09+00:00\",\"breadcrumb\":{\"@id\":\"https:\\\/\\\/atelieralaiseensoimeme.jcbl.fr\\\/?page_id=226#breadcrumb\"},\"inLanguage\":\"fr-FR\",\"potentialAction\":[{\"@type\":\"ReadAction\",\"target\":[\"https:\\\/\\\/atelieralaiseensoimeme.jcbl.fr\\\/?page_id=226\"]}]},{\"@type\":\"BreadcrumbList\",\"@id\":\"https:\\\/\\\/atelieralaiseensoimeme.jcbl.fr\\\/?page_id=226#breadcrumb\",\"itemListElement\":[{\"@type\":\"ListItem\",\"position\":1,\"name\":\"Accueil\",\"item\":\"https:\\\/\\\/atelieralaiseensoimeme.jcbl.fr\\\/\"},{\"@type\":\"ListItem\",\"position\":2,\"name\":\"Ateliers en entreprise\"}]},{\"@type\":\"WebSite\",\"@id\":\"https:\\\/\\\/atelieralaiseensoimeme.jcbl.fr\\\/#website\",\"url\":\"https:\\\/\\\/atelieralaiseensoimeme.jcbl.fr\\\/\",\"name\":\"ATELIER A L AISE EN SOI MEME\",\"description\":\"Comp\u00e9tences et \u00e9quilibres\",\"publisher\":{\"@id\":\"https:\\\/\\\/atelieralaiseensoimeme.jcbl.fr\\\/#organization\"},\"potentialAction\":[{\"@type\":\"SearchAction\",\"target\":{\"@type\":\"EntryPoint\",\"urlTemplate\":\"https:\\\/\\\/atelieralaiseensoimeme.jcbl.fr\\\/?s={search_term_string}\"},\"query-input\":{\"@type\":\"PropertyValueSpecification\",\"valueRequired\":true,\"valueName\":\"search_term_string\"}}],\"inLanguage\":\"fr-FR\"},{\"@type\":\"Organization\",\"@id\":\"https:\\\/\\\/atelieralaiseensoimeme.jcbl.fr\\\/#organization\",\"name\":\"ATELIER A L'AISE EN SOI-MEME\",\"url\":\"https:\\\/\\\/atelieralaiseensoimeme.jcbl.fr\\\/\",\"logo\":{\"@type\":\"ImageObject\",\"inLanguage\":\"fr-FR\",\"@id\":\"https:\\\/\\\/atelieralaiseensoimeme.jcbl.fr\\\/#\\\/schema\\\/logo\\\/image\\\/\",\"url\":\"https:\\\/\\\/atelieralaiseensoimeme.jcbl.fr\\\/wp-content\\\/uploads\\\/2022\\\/01\\\/cropped-40380018_mOptimized.jpg\",\"contentUrl\":\"https:\\\/\\\/atelieralaiseensoimeme.jcbl.fr\\\/wp-content\\\/uploads\\\/2022\\\/01\\\/cropped-40380018_mOptimized.jpg\",\"width\":512,\"height\":512,\"caption\":\"ATELIER A L'AISE EN SOI-MEME\"},\"image\":{\"@id\":\"https:\\\/\\\/atelieralaiseensoimeme.jcbl.fr\\\/#\\\/schema\\\/logo\\\/image\\\/\"}}]}<\/script>\n<!-- \/ Yoast SEO plugin. -->","yoast_head_json":{"title":"Ateliers en entreprise - ATELIER A L AISE EN SOI MEME","robots":{"index":"noindex","follow":"follow","max-snippet":"max-snippet:-1","max-image-preview":"max-image-preview:large","max-video-preview":"max-video-preview:-1"},"og_locale":"fr_FR","og_type":"article","og_title":"Ateliers en entreprise - ATELIER A L AISE EN SOI MEME","og_description":"J\u2019interviens sur devis et avec une convention pour des interventions sur mesure : formations th\u00e9oriques, conf\u00e9rences, ateliers pratiques, analyses de pratique. Quelques exemples : Elaborer un projet qui favorise la participation des personnes et construire les \u00e9tapes de son \u00e9valuation. Analyser les pratiques \u00e0 propos des dynamiques relationnelles. Formation au MOSIPE Guidance pour aider ses [&hellip;]","og_url":"https:\/\/atelieralaiseensoimeme.jcbl.fr\/?page_id=226","og_site_name":"ATELIER A L AISE EN SOI MEME","article_modified_time":"2022-02-13T10:12:09+00:00","twitter_card":"summary_large_image","twitter_misc":{"Dur\u00e9e de lecture estim\u00e9e":"1 minute"},"schema":{"@context":"https:\/\/schema.org","@graph":[{"@type":"WebPage","@id":"https:\/\/atelieralaiseensoimeme.jcbl.fr\/?page_id=226","url":"https:\/\/atelieralaiseensoimeme.jcbl.fr\/?page_id=226","name":"Ateliers en entreprise - ATELIER A L AISE EN SOI MEME","isPartOf":{"@id":"https:\/\/atelieralaiseensoimeme.jcbl.fr\/#website"},"datePublished":"2022-01-18T10:29:04+00:00","dateModified":"2022-02-13T10:12:09+00:00","breadcrumb":{"@id":"https:\/\/atelieralaiseensoimeme.jcbl.fr\/?page_id=226#breadcrumb"},"inLanguage":"fr-FR","potentialAction":[{"@type":"ReadAction","target":["https:\/\/atelieralaiseensoimeme.jcbl.fr\/?page_id=226"]}]},{"@type":"BreadcrumbList","@id":"https:\/\/atelieralaiseensoimeme.jcbl.fr\/?page_id=226#breadcrumb","itemListElement":[{"@type":"ListItem","position":1,"name":"Accueil","item":"https:\/\/atelieralaiseensoimeme.jcbl.fr\/"},{"@type":"ListItem","position":2,"name":"Ateliers en entreprise"}]},{"@type":"WebSite","@id":"https:\/\/atelieralaiseensoimeme.jcbl.fr\/#website","url":"https:\/\/atelieralaiseensoimeme.jcbl.fr\/","name":"ATELIER A L AISE EN SOI MEME","description":"Comp\u00e9tences et \u00e9quilibres","publisher":{"@id":"https:\/\/atelieralaiseensoimeme.jcbl.fr\/#organization"},"potentialAction":[{"@type":"SearchAction","target":{"@type":"EntryPoint","urlTemplate":"https:\/\/atelieralaiseensoimeme.jcbl.fr\/?s={search_term_string}"},"query-input":{"@type":"PropertyValueSpecification","valueRequired":true,"valueName":"search_term_string"}}],"inLanguage":"fr-FR"},{"@type":"Organization","@id":"https:\/\/atelieralaiseensoimeme.jcbl.fr\/#organization","name":"ATELIER A L'AISE EN SOI-MEME","url":"https:\/\/atelieralaiseensoimeme.jcbl.fr\/","logo":{"@type":"ImageObject","inLanguage":"fr-FR","@id":"https:\/\/atelieralaiseensoimeme.jcbl.fr\/#\/schema\/logo\/image\/","url":"https:\/\/atelieralaiseensoimeme.jcbl.fr\/wp-content\/uploads\/2022\/01\/cropped-40380018_mOptimized.jpg","contentUrl":"https:\/\/atelieralaiseensoimeme.jcbl.fr\/wp-content\/uploads\/2022\/01\/cropped-40380018_mOptimized.jpg","width":512,"height":512,"caption":"ATELIER A L'AISE EN SOI-MEME"},"image":{"@id":"https:\/\/atelieralaiseensoimeme.jcbl.fr\/#\/schema\/logo\/image\/"}}]}},"_links":{"self":[{"href":"https:\/\/atelieralaiseensoimeme.jcbl.fr\/index.php?rest_route=\/wp\/v2\/pages\/226","targetHints":{"allow":["GET"]}}],"collection":[{"href":"https:\/\/atelieralaiseensoimeme.jcbl.fr\/index.php?rest_route=\/wp\/v2\/pages"}],"about":[{"href":"https:\/\/atelieralaiseensoimeme.jcbl.fr\/index.php?rest_route=\/wp\/v2\/types\/page"}],"author":[{"embeddable":true,"href":"https:\/\/atelieralaiseensoimeme.jcbl.fr\/index.php?rest_route=\/wp\/v2\/users\/1"}],"replies":[{"embeddable":true,"href":"https:\/\/atelieralaiseensoimeme.jcbl.fr\/index.php?rest_route=%2Fwp%2Fv2%2Fcomments&post=226"}],"version-history":[{"count":11,"href":"https:\/\/atelieralaiseensoimeme.jcbl.fr\/index.php?rest_route=\/wp\/v2\/pages\/226\/revisions"}],"predecessor-version":[{"id":640,"href":"https:\/\/atelieralaiseensoimeme.jcbl.fr\/index.php?rest_route=\/wp\/v2\/pages\/226\/revisions\/640"}],"wp:attachment":[{"href":"https:\/\/atelieralaiseensoimeme.jcbl.fr\/index.php?rest_route=%2Fwp%2Fv2%2Fmedia&parent=226"}],"curies":[{"name":"wp","href":"https:\/\/api.w.org\/{rel}","templated":true}]}}