{"id":224,"date":"2022-01-18T11:29:04","date_gmt":"2022-01-18T10:29:04","guid":{"rendered":"https:\/\/atelieralaiseensoimeme.live-website.com\/?page_id=224"},"modified":"2022-02-13T11:08:28","modified_gmt":"2022-02-13T10:08:28","slug":"ateliers-en-groupe","status":"publish","type":"page","link":"https:\/\/atelieralaiseensoimeme.jcbl.fr\/?page_id=224","title":{"rendered":"Ateliers en groupe"},"content":{"rendered":"\n<h2 class=\"wp-block-heading\" id=\"comment\">Comment ?<\/h2>\n\n\n\n<p>Je propose des <strong>ateliers th\u00e9matiques en groupe<\/strong> jusqu\u2019\u00e0 8 personnes :<\/p>\n\n\n\n<ul class=\"wp-block-list\"><li>ateliers parents inspir\u00e9s de la m\u00e9thode Faber et Mazlish, de la CNV, du MOSIPE<\/li><li>ateliers pour apprendre \u00e0 utiliser la CNV et s\u2019entra\u00eener<\/li><li>atelier pour s\u2019entra\u00eener \u00e0 parler \u00e0 la forme affirmative<\/li><li>atelier pour d\u00e9velopper la pleine conscience<\/li><li>atelier pour exp\u00e9rimenter le Qi Gong comme ressource dans son existence<\/li><li>atelier pour apprendre \u00e0 utiliser l\u2019EFT et s\u2019entra\u00eener<\/li><li>atelier pour cr\u00e9er un mandala dans la nature<\/li><\/ul>\n\n\n\n<p><strong>Ou bien vous constituez un groupe avec une pr\u00e9occupation commune<\/strong> et nous cheminons ensemble pour \u00eatre plus \u00e0 l\u2019aise face \u00e0 cette pr\u00e9occupation. Par exemple : groupe de parents d\u2019enfants souffrant de TDAH, ou groupe de parents d\u2019enfants vivant avec un TED, ou bien groupe de fumeurs qui cherchent l\u2019abstinence, ou bien groupe qui cherche \u00e0 se cr\u00e9er un slogan, ou bien\u2026<\/p>\n\n\n\n<h2 class=\"wp-block-heading\" id=\"ateliers-en-groupe\">Ateliers en groupe<\/h2>\n\n\n\n<h2 class=\"wp-block-heading\" id=\"pour-qui\">Pour qui :<\/h2>\n\n\n\n<p>Groupe parents-enfants, Groupe de parents, groupe de fratries, groupe de grands-parents, groupe de voisins, groupe d\u2019amis, groupe de professionnels, groupe de personnes autour d\u2019une pr\u00e9occupation commune, groupe qui veut se former \u00e0 une technique particuli\u00e8re, \u2026<\/p>\n\n\n\n<h2 class=\"wp-block-heading\" id=\"pour-quoi\">Pour quoi :<\/h2>\n\n\n\n<p>Ensemble, avan\u00e7ons pour se mettre \u00e0 l\u2019aise, d\u00e9velopper du PEB et cheminer autour de la th\u00e9matique qui nous r\u00e9unit.<\/p>\n\n\n\n<p>Pour prendre connaissance des m\u00e9thodes propos\u00e9es, cliquez <a href=\"https:\/\/atelieralaiseensoimeme.jcbl.fr\/?page_id=245\">ici<\/a>.<\/p>\n\n\n\n<p>Pour prendre connaissance des autres ateliers, cliquer ici sur <a href=\"https:\/\/atelieralaiseensoimeme.jcbl.fr\/?page_id=619\">Offres de l\u2019Atelier <\/a><\/p>\n\n\n\n<h2 class=\"wp-block-heading\" id=\"en-pratique\">En pratique :<\/h2>\n\n\n\n<p>Vous r\u00e9servez un cr\u00e9neau de 25 minutes ou de 55 minutes, ou bien nous convenons d\u2019une dur\u00e9e personnalis\u00e9e sur devis<\/p>\n\n\n\n<h2 class=\"wp-block-heading\" id=\"lieu-d-intervention\">Lieu d\u2019intervention<\/h2>\n\n\n\n<ul class=\"wp-block-list\"><li>Intervention dans les locaux de l\u2019Atelier<\/li><li>Intervention dans la nature<\/li><li>Autre lieu \u00e0 d\u00e9finir<\/li><\/ul>\n\n\n\n<h2 class=\"wp-block-heading\" id=\"reservation\">R\u00e9servation :<\/h2>\n\n\n\n<ul class=\"wp-block-list\"><li><strong>Cliquez <a href=\"https:\/\/atelieralaiseensoimeme.jcbl.fr\/?page_id=34\">ici<\/a><\/strong><\/li><li>Pour plus d\u2019informations (et notamment pour l\u2019\u00e9tablissement d\u2019un devis) : cliquez <a href=\"https:\/\/atelieralaiseensoimeme.jcbl.fr\/?page_id=39\">ici<\/a><\/li><\/ul>\n","protected":false},"excerpt":{"rendered":"<p>Comment ? Je propose des ateliers th\u00e9matiques en groupe jusqu\u2019\u00e0 8 personnes : ateliers parents inspir\u00e9s de la m\u00e9thode Faber et Mazlish, de la CNV, du MOSIPE ateliers pour apprendre \u00e0 utiliser la CNV et s\u2019entra\u00eener atelier pour s\u2019entra\u00eener \u00e0 parler \u00e0 la forme affirmative atelier pour d\u00e9velopper la pleine conscience atelier pour exp\u00e9rimenter le [&hellip;]<\/p>\n","protected":false},"author":1,"featured_media":0,"parent":0,"menu_order":0,"comment_status":"closed","ping_status":"closed","template":"","meta":{"footnotes":""},"class_list":["post-224","page","type-page","status-publish","hentry"],"yoast_head":"<!-- This site is optimized with the Yoast SEO plugin v27.5 - https:\/\/yoast.com\/product\/yoast-seo-wordpress\/ -->\n<title>Ateliers en groupe - ATELIER A L AISE EN SOI MEME<\/title>\n<meta name=\"robots\" content=\"noindex, follow, max-snippet:-1, max-image-preview:large, max-video-preview:-1\" \/>\n<meta property=\"og:locale\" content=\"fr_FR\" \/>\n<meta property=\"og:type\" content=\"article\" \/>\n<meta property=\"og:title\" content=\"Ateliers en groupe - ATELIER A L AISE EN SOI MEME\" \/>\n<meta property=\"og:description\" content=\"Comment ? Je propose des ateliers th\u00e9matiques en groupe jusqu\u2019\u00e0 8 personnes : ateliers parents inspir\u00e9s de la m\u00e9thode Faber et Mazlish, de la CNV, du MOSIPE ateliers pour apprendre \u00e0 utiliser la CNV et s\u2019entra\u00eener atelier pour s\u2019entra\u00eener \u00e0 parler \u00e0 la forme affirmative atelier pour d\u00e9velopper la pleine conscience atelier pour exp\u00e9rimenter le [&hellip;]\" \/>\n<meta property=\"og:url\" content=\"https:\/\/atelieralaiseensoimeme.jcbl.fr\/?page_id=224\" \/>\n<meta property=\"og:site_name\" content=\"ATELIER A L AISE EN SOI MEME\" \/>\n<meta property=\"article:modified_time\" content=\"2022-02-13T10:08:28+00:00\" \/>\n<meta name=\"twitter:card\" content=\"summary_large_image\" \/>\n<meta name=\"twitter:label1\" content=\"Dur\u00e9e de lecture estim\u00e9e\" \/>\n\t<meta name=\"twitter:data1\" content=\"2 minutes\" \/>\n<script type=\"application\/ld+json\" class=\"yoast-schema-graph\">{\"@context\":\"https:\\\/\\\/schema.org\",\"@graph\":[{\"@type\":\"WebPage\",\"@id\":\"https:\\\/\\\/atelieralaiseensoimeme.jcbl.fr\\\/?page_id=224\",\"url\":\"https:\\\/\\\/atelieralaiseensoimeme.jcbl.fr\\\/?page_id=224\",\"name\":\"Ateliers en groupe - ATELIER A L AISE EN SOI MEME\",\"isPartOf\":{\"@id\":\"https:\\\/\\\/atelieralaiseensoimeme.jcbl.fr\\\/#website\"},\"datePublished\":\"2022-01-18T10:29:04+00:00\",\"dateModified\":\"2022-02-13T10:08:28+00:00\",\"breadcrumb\":{\"@id\":\"https:\\\/\\\/atelieralaiseensoimeme.jcbl.fr\\\/?page_id=224#breadcrumb\"},\"inLanguage\":\"fr-FR\",\"potentialAction\":[{\"@type\":\"ReadAction\",\"target\":[\"https:\\\/\\\/atelieralaiseensoimeme.jcbl.fr\\\/?page_id=224\"]}]},{\"@type\":\"BreadcrumbList\",\"@id\":\"https:\\\/\\\/atelieralaiseensoimeme.jcbl.fr\\\/?page_id=224#breadcrumb\",\"itemListElement\":[{\"@type\":\"ListItem\",\"position\":1,\"name\":\"Accueil\",\"item\":\"https:\\\/\\\/atelieralaiseensoimeme.jcbl.fr\\\/\"},{\"@type\":\"ListItem\",\"position\":2,\"name\":\"Ateliers en groupe\"}]},{\"@type\":\"WebSite\",\"@id\":\"https:\\\/\\\/atelieralaiseensoimeme.jcbl.fr\\\/#website\",\"url\":\"https:\\\/\\\/atelieralaiseensoimeme.jcbl.fr\\\/\",\"name\":\"ATELIER A L AISE EN SOI MEME\",\"description\":\"Comp\u00e9tences et \u00e9quilibres\",\"publisher\":{\"@id\":\"https:\\\/\\\/atelieralaiseensoimeme.jcbl.fr\\\/#organization\"},\"potentialAction\":[{\"@type\":\"SearchAction\",\"target\":{\"@type\":\"EntryPoint\",\"urlTemplate\":\"https:\\\/\\\/atelieralaiseensoimeme.jcbl.fr\\\/?s={search_term_string}\"},\"query-input\":{\"@type\":\"PropertyValueSpecification\",\"valueRequired\":true,\"valueName\":\"search_term_string\"}}],\"inLanguage\":\"fr-FR\"},{\"@type\":\"Organization\",\"@id\":\"https:\\\/\\\/atelieralaiseensoimeme.jcbl.fr\\\/#organization\",\"name\":\"ATELIER A L'AISE EN SOI-MEME\",\"url\":\"https:\\\/\\\/atelieralaiseensoimeme.jcbl.fr\\\/\",\"logo\":{\"@type\":\"ImageObject\",\"inLanguage\":\"fr-FR\",\"@id\":\"https:\\\/\\\/atelieralaiseensoimeme.jcbl.fr\\\/#\\\/schema\\\/logo\\\/image\\\/\",\"url\":\"https:\\\/\\\/atelieralaiseensoimeme.jcbl.fr\\\/wp-content\\\/uploads\\\/2022\\\/01\\\/cropped-40380018_mOptimized.jpg\",\"contentUrl\":\"https:\\\/\\\/atelieralaiseensoimeme.jcbl.fr\\\/wp-content\\\/uploads\\\/2022\\\/01\\\/cropped-40380018_mOptimized.jpg\",\"width\":512,\"height\":512,\"caption\":\"ATELIER A L'AISE EN SOI-MEME\"},\"image\":{\"@id\":\"https:\\\/\\\/atelieralaiseensoimeme.jcbl.fr\\\/#\\\/schema\\\/logo\\\/image\\\/\"}}]}<\/script>\n<!-- \/ Yoast SEO plugin. -->","yoast_head_json":{"title":"Ateliers en groupe - ATELIER A L AISE EN SOI MEME","robots":{"index":"noindex","follow":"follow","max-snippet":"max-snippet:-1","max-image-preview":"max-image-preview:large","max-video-preview":"max-video-preview:-1"},"og_locale":"fr_FR","og_type":"article","og_title":"Ateliers en groupe - ATELIER A L AISE EN SOI MEME","og_description":"Comment ? Je propose des ateliers th\u00e9matiques en groupe jusqu\u2019\u00e0 8 personnes : ateliers parents inspir\u00e9s de la m\u00e9thode Faber et Mazlish, de la CNV, du MOSIPE ateliers pour apprendre \u00e0 utiliser la CNV et s\u2019entra\u00eener atelier pour s\u2019entra\u00eener \u00e0 parler \u00e0 la forme affirmative atelier pour d\u00e9velopper la pleine conscience atelier pour exp\u00e9rimenter le [&hellip;]","og_url":"https:\/\/atelieralaiseensoimeme.jcbl.fr\/?page_id=224","og_site_name":"ATELIER A L AISE EN SOI MEME","article_modified_time":"2022-02-13T10:08:28+00:00","twitter_card":"summary_large_image","twitter_misc":{"Dur\u00e9e de lecture estim\u00e9e":"2 minutes"},"schema":{"@context":"https:\/\/schema.org","@graph":[{"@type":"WebPage","@id":"https:\/\/atelieralaiseensoimeme.jcbl.fr\/?page_id=224","url":"https:\/\/atelieralaiseensoimeme.jcbl.fr\/?page_id=224","name":"Ateliers en groupe - ATELIER A L AISE EN SOI MEME","isPartOf":{"@id":"https:\/\/atelieralaiseensoimeme.jcbl.fr\/#website"},"datePublished":"2022-01-18T10:29:04+00:00","dateModified":"2022-02-13T10:08:28+00:00","breadcrumb":{"@id":"https:\/\/atelieralaiseensoimeme.jcbl.fr\/?page_id=224#breadcrumb"},"inLanguage":"fr-FR","potentialAction":[{"@type":"ReadAction","target":["https:\/\/atelieralaiseensoimeme.jcbl.fr\/?page_id=224"]}]},{"@type":"BreadcrumbList","@id":"https:\/\/atelieralaiseensoimeme.jcbl.fr\/?page_id=224#breadcrumb","itemListElement":[{"@type":"ListItem","position":1,"name":"Accueil","item":"https:\/\/atelieralaiseensoimeme.jcbl.fr\/"},{"@type":"ListItem","position":2,"name":"Ateliers en groupe"}]},{"@type":"WebSite","@id":"https:\/\/atelieralaiseensoimeme.jcbl.fr\/#website","url":"https:\/\/atelieralaiseensoimeme.jcbl.fr\/","name":"ATELIER A L AISE EN SOI MEME","description":"Comp\u00e9tences et \u00e9quilibres","publisher":{"@id":"https:\/\/atelieralaiseensoimeme.jcbl.fr\/#organization"},"potentialAction":[{"@type":"SearchAction","target":{"@type":"EntryPoint","urlTemplate":"https:\/\/atelieralaiseensoimeme.jcbl.fr\/?s={search_term_string}"},"query-input":{"@type":"PropertyValueSpecification","valueRequired":true,"valueName":"search_term_string"}}],"inLanguage":"fr-FR"},{"@type":"Organization","@id":"https:\/\/atelieralaiseensoimeme.jcbl.fr\/#organization","name":"ATELIER A L'AISE EN SOI-MEME","url":"https:\/\/atelieralaiseensoimeme.jcbl.fr\/","logo":{"@type":"ImageObject","inLanguage":"fr-FR","@id":"https:\/\/atelieralaiseensoimeme.jcbl.fr\/#\/schema\/logo\/image\/","url":"https:\/\/atelieralaiseensoimeme.jcbl.fr\/wp-content\/uploads\/2022\/01\/cropped-40380018_mOptimized.jpg","contentUrl":"https:\/\/atelieralaiseensoimeme.jcbl.fr\/wp-content\/uploads\/2022\/01\/cropped-40380018_mOptimized.jpg","width":512,"height":512,"caption":"ATELIER A L'AISE EN SOI-MEME"},"image":{"@id":"https:\/\/atelieralaiseensoimeme.jcbl.fr\/#\/schema\/logo\/image\/"}}]}},"_links":{"self":[{"href":"https:\/\/atelieralaiseensoimeme.jcbl.fr\/index.php?rest_route=\/wp\/v2\/pages\/224","targetHints":{"allow":["GET"]}}],"collection":[{"href":"https:\/\/atelieralaiseensoimeme.jcbl.fr\/index.php?rest_route=\/wp\/v2\/pages"}],"about":[{"href":"https:\/\/atelieralaiseensoimeme.jcbl.fr\/index.php?rest_route=\/wp\/v2\/types\/page"}],"author":[{"embeddable":true,"href":"https:\/\/atelieralaiseensoimeme.jcbl.fr\/index.php?rest_route=\/wp\/v2\/users\/1"}],"replies":[{"embeddable":true,"href":"https:\/\/atelieralaiseensoimeme.jcbl.fr\/index.php?rest_route=%2Fwp%2Fv2%2Fcomments&post=224"}],"version-history":[{"count":7,"href":"https:\/\/atelieralaiseensoimeme.jcbl.fr\/index.php?rest_route=\/wp\/v2\/pages\/224\/revisions"}],"predecessor-version":[{"id":636,"href":"https:\/\/atelieralaiseensoimeme.jcbl.fr\/index.php?rest_route=\/wp\/v2\/pages\/224\/revisions\/636"}],"wp:attachment":[{"href":"https:\/\/atelieralaiseensoimeme.jcbl.fr\/index.php?rest_route=%2Fwp%2Fv2%2Fmedia&parent=224"}],"curies":[{"name":"wp","href":"https:\/\/api.w.org\/{rel}","templated":true}]}}