{"id":222,"date":"2022-01-18T11:29:04","date_gmt":"2022-01-18T10:29:04","guid":{"rendered":"https:\/\/atelieralaiseensoimeme.live-website.com\/?page_id=222"},"modified":"2022-02-17T09:53:28","modified_gmt":"2022-02-17T08:53:28","slug":"ateliers-individuesl","status":"publish","type":"page","link":"https:\/\/atelieralaiseensoimeme.jcbl.fr\/?page_id=222","title":{"rendered":"Ateliers individuels"},"content":{"rendered":"\n<h2 class=\"wp-block-heading\" id=\"pour-qui\">Pour qui ?<\/h2>\n\n\n\n<p>Je re\u00e7ois les enfants, les adolescents, les adultes, en qu\u00eate de stabilit\u00e9, ou en recherche de changement.<\/p>\n\n\n\n<h2 class=\"wp-block-heading\" id=\"pour-quoi\">Pour quoi ?<\/h2>\n\n\n\n<p>Pour vous accompagner sur la recherche de votre potentiel en vous entra\u00eenant \u00e0 vous mettre \u00e0 l\u2019aise en vous-m\u00eame. A vous de d\u00e9terminer vers quoi vous voulez aller. <\/p>\n\n\n\n<p>Exp\u00e9rimentons ensemble comment cheminer pour que vous puissiez int\u00e9grer petit \u00e0 petit des ressources facilement accessibles ensuite en autonomie.<\/p>\n\n\n\n<h2 class=\"wp-block-heading\" id=\"quelques-thematiques\">Quelques th\u00e9matiques :<\/h2>\n\n\n\n<p><strong>Se mettre <a href=\"https:\/\/atelieralaiseensoimeme.jcbl.fr\/presentation\">\u00e0 l&rsquo;aise en soi-m\u00eame<\/a> pour formuler un objectif dans le respect de soi et des autres<\/strong><\/p>\n\n\n\n<p><strong>Se mettre <a href=\"https:\/\/atelieralaiseensoimeme.jcbl.fr\/presentation\" data-type=\"page\" data-id=\"29\">\u00e0 l\u2019aise en soi-m\u00eame<\/a> face \u00e0 la col\u00e8re<\/strong><\/p>\n\n\n\n<p><strong>Se mettre <a href=\"https:\/\/atelieralaiseensoimeme.jcbl.fr\/presentation\" data-type=\"page\" data-id=\"29\">\u00e0 l\u2019aise en soi-m\u00eame<\/a> pour faire face aux conflits de loyaut\u00e9<\/strong><\/p>\n\n\n\n<p><strong>Se mettre <a href=\"https:\/\/atelieralaiseensoimeme.jcbl.fr\/presentation\">\u00e0 l\u2019aise en soi-m\u00eame<\/a> avec la mal a dit<\/strong> : Et si, au lieu de constamment me Soi Nier, je commen\u00e7ais \u00e0 Gai Rire ? Et si, au lieu de compter sur l\u2019assurance maladie, je me pr\u00e9parais un capital de ressources internes pour me constituer une assurance sant\u00e9 directement accessible, quelques soient les circonstances, en <a href=\"https:\/\/atelieralaiseensoimeme.jcbl.fr\/?page_id=29\">autonomie<\/a> ?<\/p>\n\n\n\n<p><strong>Se mettre <a href=\"https:\/\/atelieralaiseensoimeme.jcbl.fr\/?page_id=29\">\u00e0 l&rsquo;aise en soi-m\u00eame<\/a> pour \u00eatre capable de demander de l&rsquo;aide<\/strong><\/p>\n\n\n\n<p><strong>Se mettre <a data-type=\"page\" data-id=\"29\" href=\"https:\/\/atelieralaiseensoimeme.jcbl.fr\/presentation\">\u00e0 l\u2019aise en soi-m\u00eame<\/a> pour trouver sa place face \u00e0 des conflits de valeurs<\/strong><\/p>\n\n\n\n<p><strong>Se mettre <a href=\"https:\/\/atelieralaiseensoimeme.jcbl.fr\/presentation\" data-type=\"page\" data-id=\"29\">\u00e0 l\u2019aise en soi-m\u00eame<\/a> pour moins souffrir au travail<\/strong><\/p>\n\n\n\n<p><strong>Se mettre <a href=\"https:\/\/atelieralaiseensoimeme.jcbl.fr\/presentation\" data-type=\"page\" data-id=\"29\">\u00e0 l&rsquo;aise en soi-m\u00eame<\/a> pour apprendre \u00e0 activer ses ressources<\/strong><\/p>\n\n\n\n<p><strong>Se mettre <a href=\"https:\/\/atelieralaiseensoimeme.jcbl.fr\/presentation\" data-type=\"page\" data-id=\"29\">\u00e0 l\u2019aise en soi-m\u00eame<\/a> pour arriver \u00e0 se relever d\u2019un burn out<\/strong><\/p>\n\n\n\n<p><strong>Se mettre <a href=\"https:\/\/atelieralaiseensoimeme.jcbl.fr\/presentation\">\u00e0 l\u2019aise en soi-m\u00eame<\/a> pour comprendre en classe<\/strong><\/p>\n\n\n\n<p><strong>Se mettre <a href=\"https:\/\/atelieralaiseensoimeme.jcbl.fr\/presentation\">\u00e0 l\u2019aise en soi-m\u00eame<\/a> pour d\u00e9passer les conflits de langue<\/strong> en situation bilingue ou multilingue<\/p>\n\n\n\n<p><strong>Se mettre <a data-type=\"page\" data-id=\"29\" href=\"https:\/\/atelieralaiseensoimeme.jcbl.fr\/presentation\">\u00e0 l&rsquo;aise en soi-m\u00eame<\/a> avec ses contradictions<\/strong><\/p>\n\n\n\n<p><strong>Se mettre <a href=\"https:\/\/atelieralaiseensoimeme.jcbl.fr\/?page_id=29\">\u00e0 l&rsquo;aise en soi-m\u00eame<\/a> avec son trouble DYS<\/strong><\/p>\n\n\n\n<p><strong>Se mettre <a href=\"https:\/\/atelieralaiseensoimeme.jcbl.fr\/presentation\" data-type=\"page\" data-id=\"29\">\u00e0 l\u2019aise en soi-m\u00eame<\/a> pour faire la paix avec son histoire<\/strong> et d\u00e9sensibiliser les \u00e9v\u00e8nements traumatiques. Parfois se mettre \u00e0 l&rsquo;aise, c&rsquo;est comme enfiler un baudrier, et l&rsquo;accrocher solidement \u00e0 la cord\u00e9e pour traverser en s\u00e9curit\u00e9 un fleuve en furie. Ou c&rsquo;est comme rester bien amarr\u00e9 sur du sol solide pour explorer les sables mouvants. Ou encore c&rsquo;est comme construire une \u00eele bien s\u00e8che et bien accueillante au milieu d&rsquo;un \u00e9tang pour aller s&rsquo;y r\u00e9fugier quand l&rsquo;eau de l&rsquo;\u00e9tang a \u00e9t\u00e9 tr\u00e8s remu\u00e9e&#8230; Sans ces pr\u00e9alables, inutile de se lancer. Avec, l&rsquo;organisme retrouve ses moyens, alors, la paix \u00e9merge. <\/p>\n\n\n\n<p><strong>Se mettre <a href=\"https:\/\/atelieralaiseensoimeme.jcbl.fr\/presentation\" data-type=\"page\" data-id=\"29\">\u00e0 l&rsquo;aise en soi-m\u00eame<\/a> pour cultiver son jardin int\u00e9rieur<\/strong><\/p>\n\n\n\n<p><strong>Se mettre <a href=\"https:\/\/atelieralaiseensoimeme.jcbl.fr\/presentation\" data-type=\"page\" data-id=\"29\">\u00e0 l\u2019aise en soi-m\u00eame<\/a> pour vivre le deuil<\/strong><\/p>\n\n\n\n<p><strong>Se mettre <a href=\"https:\/\/atelieralaiseensoimeme.jcbl.fr\/presentation\" data-type=\"page\" data-id=\"29\">\u00e0 l&rsquo;aise<\/a> dans sa vie, entre dualit\u00e9, et unit\u00e9<\/strong><\/p>\n\n\n\n<p><strong>Se mettre <a data-type=\"page\" data-id=\"29\" href=\"https:\/\/atelieralaiseensoimeme.jcbl.fr\/presentation\">\u00e0 l\u2019aise en soi-m\u00eame<\/a> pour passer \u00e0 un autre cycle de vie<\/strong><\/p>\n\n\n\n<p><strong>Se mettre <a href=\"https:\/\/atelieralaiseensoimeme.jcbl.fr\/?page_id=29\">\u00e0 l&rsquo;aise en soi-m\u00eame<\/a> pour avoir le courage de laisser partir des \u00e9nergies parasites<\/strong><\/p>\n\n\n\n<p><strong>Se mettre <a href=\"https:\/\/atelieralaiseensoimeme.jcbl.fr\/presentation\" data-type=\"page\" data-id=\"29\">\u00e0 l&rsquo;aise en soi-m\u00eame<\/a> m\u00eame quand on a tendance \u00e0 se dissocier<\/strong><\/p>\n\n\n\n<p><strong>Se mettre <a href=\"https:\/\/atelieralaiseensoimeme.jcbl.fr\/presentation\" data-type=\"page\" data-id=\"29\">\u00e0 l\u2019aise en soi-m\u00eame<\/a> pour se faire comprendre<\/strong><\/p>\n\n\n\n<p><strong>Se mettre <a href=\"https:\/\/atelieralaiseensoimeme.jcbl.fr\/presentation\" data-type=\"page\" data-id=\"29\">\u00e0 l\u2019aise en soi-m\u00eame<\/a> pour se faire respecter<\/strong><\/p>\n\n\n\n<p><strong>Se mettre <a href=\"https:\/\/atelieralaiseensoimeme.jcbl.fr\/presentation\" data-type=\"page\" data-id=\"29\">\u00e0 l\u2019aise en soi-m\u00eame<\/a> en tant que femme quelque soit la phase de son cycle menstruel<\/strong><\/p>\n\n\n\n<p><strong>Se mettre <a href=\"https:\/\/atelieralaiseensoimeme.jcbl.fr\/presentation\" data-type=\"page\" data-id=\"29\">\u00e0 l\u2019aise en soi-m\u00eame<\/a> pour allier f\u00e9minin sacr\u00e9, et masculin sacr\u00e9 en soi<\/strong><\/p>\n\n\n\n<p><strong>Se mettre <a href=\"https:\/\/atelieralaiseensoimeme.jcbl.fr\/presentation\" data-type=\"page\" data-id=\"29\">\u00e0 l\u2019aise en soi-m\u00eame<\/a> pour mieux s\u2019affirmer et prendre position<\/strong><\/p>\n\n\n\n<p><strong>Se mettre <a href=\"https:\/\/atelieralaiseensoimeme.jcbl.fr\/presentation\" data-type=\"page\" data-id=\"29\">\u00e0 l\u2019aise en soi-m\u00eame<\/a> pour comprendre l\u2019autre<\/strong><\/p>\n\n\n\n<p><strong>Se mettre <a href=\"https:\/\/atelieralaiseensoimeme.jcbl.fr\/presentation\" data-type=\"page\" data-id=\"29\">\u00e0 l&rsquo;aise en soi-m\u00eame<\/a> pour faire avec les moyens du bord<\/strong><\/p>\n\n\n\n<p><strong>Se mettre <a href=\"https:\/\/atelieralaiseensoimeme.jcbl.fr\/presentation\" data-type=\"page\" data-id=\"29\">\u00e0 l\u2019aise en soi-m\u00eame<\/a> pour mieux apprendre<\/strong> : \u00e0 l\u2019\u00e9cole, ou en formation professionnelle, ou\u2026<\/p>\n\n\n\n<p><strong>Se mettre <a href=\"https:\/\/atelieralaiseensoimeme.jcbl.fr\/presentation\" data-type=\"page\" data-id=\"29\">\u00e0 l\u2019aise en soi-m\u00eame<\/a> pour mieux m\u00e9moriser<\/strong><\/p>\n\n\n\n<p><strong>Se mettre <a href=\"https:\/\/atelieralaiseensoimeme.jcbl.fr\/presentation\" data-type=\"page\" data-id=\"29\">\u00e0 l\u2019aise en soi-m\u00eame<\/a> pour \u00eatre \u00e0 l\u2019aise en relation avec autrui<\/strong><\/p>\n\n\n\n<p><strong>Se mettre <a href=\"https:\/\/atelieralaiseensoimeme.jcbl.fr\/presentation\" data-type=\"page\" data-id=\"29\">\u00e0 l\u2019aise<\/a> pour \u00e9couter son appel le plus profond<\/strong><\/p>\n\n\n\n<p><strong>Se mettre <a href=\"https:\/\/atelieralaiseensoimeme.jcbl.fr\/presentation\" data-type=\"page\" data-id=\"29\">\u00e0 l\u2019aise en soi-m\u00eame<\/a> en pr\u00e9sence de l\u2019animal<\/strong> : l\u2019animal que vous croisez sur le chemin, l\u2019animal de votre conjoint, l\u2019animal dans le voisinage, mais aussi comment \u00eatre \u00e0 l\u2019aise en soi-m\u00eame pour faire face quand une colonie de fourmis a d\u00e9cid\u00e9 de passer par votre logis, ou quand des frelons se sont install\u00e9s dans votre grenier, ou quand une araign\u00e9e a choisi un petit interstice pour y faire son nid, ou quand des punaises ont trouv\u00e9 refuge dans la ti\u00e9deur de votre chez vous, ou quand des limaces se r\u00e9galent de grignoter vos plantations, ou quand un moustique cherche \u00e0 se d\u00e9lecter de votre sang, ou quand des scolytes sont en train de d\u00e9vorer l\u2019\u00e9corce de vos arbres, ou\u2026<\/p>\n\n\n\n<p><strong>Se mettre <a href=\"https:\/\/atelieralaiseensoimeme.jcbl.fr\/presentation\" data-type=\"page\" data-id=\"29\">\u00e0 l\u2019aise en soi-m\u00eame<\/a> pour faire avec les \u00e9motions<\/strong><\/p>\n\n\n\n<p><strong>Se mettre <a href=\"https:\/\/atelieralaiseensoimeme.jcbl.fr\/presentation\" data-type=\"page\" data-id=\"29\">\u00e0 l\u2019aise en soi-m\u00eame<\/a> pour mieux dormir<\/strong><\/p>\n\n\n\n<p><strong>Se mettre <a href=\"https:\/\/atelieralaiseensoimeme.jcbl.fr\/presentation\" data-type=\"page\" data-id=\"29\">\u00e0 l\u2019aise <\/a> pour se mettre au service de soi-m\u00eame<\/strong>. Cela a souvent pour effet d\u2019\u00eatre capable de mieux servir les autres.<\/p>\n\n\n\n<p><strong>Se mettre <a href=\"https:\/\/atelieralaiseensoimeme.jcbl.fr\/presentation\" data-type=\"page\" data-id=\"29\">\u00e0 l\u2019aise en soi-m\u00eame<\/a> pour faire du tri chez soi dans son lieu de vie, son appartement, et\/ou, ranger en soi-m\u00eame<\/strong>, \u00e7a va souvent ensemble. Autrement dit : traiter ce qui a \u00e9t\u00e9 mis de c\u00f4t\u00e9, paperasses, objets, &#8230;, souvenir douloureux, \u00e9v\u00e8nement traumatique, vexation, \u2026 pour se lib\u00e9rer de ce qu\u2019il y a lieu de jeter, qui ne sert plus. Les indices qui font constater que \u00e7a fonctionne : vous \u00eates plus joyeux, joyeuse, au quotidien, plus dynamique, votre corps est plus libre. Les souvenirs restent, mais la charge \u00e9motionnelle appartient au pass\u00e9 et ne vient plus hanter le pr\u00e9sent. Au lieu de jugements n\u00e9gatifs sur vous, des jugements positifs apparaissent qui vous font savourer la vie, et de bons souvenirs oubli\u00e9s, reviennent. Et vous tirez des le\u00e7ons diff\u00e9rentes pour la suite de votre vie.<\/p>\n\n\n\n<p><strong>Se mettre <a href=\"https:\/\/atelieralaiseensoimeme.jcbl.fr\/presentation\" data-type=\"page\" data-id=\"29\">\u00e0 l\u2019aise <\/a> pour faire de la place<\/strong><\/p>\n\n\n\n<p> <strong>Se mettre <a href=\"https:\/\/atelieralaiseensoimeme.jcbl.fr\/presentation\" data-type=\"page\" data-id=\"29\">\u00e0 l\u2019aise <\/a> pour trouver sa place<\/strong> <\/p>\n\n\n\n<p><strong>Se mettre <a href=\"https:\/\/atelieralaiseensoimeme.jcbl.fr\/presentation\" data-type=\"page\" data-id=\"29\">\u00e0 l\u2019aise en soi-m\u00eame<\/a> pour d\u00e9velopper son intuition<\/strong><\/p>\n\n\n\n<p><strong>Se mettre <a href=\"https:\/\/atelieralaiseensoimeme.jcbl.fr\/presentation\" data-type=\"page\" data-id=\"29\">\u00e0 l\u2019aise<\/a> pour faire avancer un projet<\/strong><\/p>\n\n\n\n<p><strong>Se mettre <a href=\"https:\/\/atelieralaiseensoimeme.jcbl.fr\/presentation\" data-type=\"page\" data-id=\"29\">\u00e0 l\u2019aise<\/a> pour apprendre \u00e0 s\u2019\u00e9couter<\/strong><\/p>\n\n\n\n<p><strong>Se mettre <a href=\"https:\/\/atelieralaiseensoimeme.jcbl.fr\/presentation\" data-type=\"page\" data-id=\"29\">\u00e0 l\u2019aise en soi-m\u00eame<\/a> et d\u00e9couvrir comment s\u2019aimer soi-m\u00eame<\/strong><\/p>\n\n\n\n<p> <strong>Se mettre <a data-type=\"page\" data-id=\"29\" href=\"https:\/\/atelieralaiseensoimeme.jcbl.fr\/presentation\">\u00e0 l\u2019aise en soi-m\u00eame<\/a> pour cr\u00e9er du <a href=\"https:\/\/atelieralaiseensoimeme.jcbl.fr\/?page_id=29\">PEB &#8211; Plaisir Estime Besoins &#8211;<\/a><\/strong><a data-type=\"page\" data-id=\"29\" href=\"https:\/\/atelieralaiseensoimeme.jcbl.fr\/presentation\"> <\/a><\/p>\n\n\n\n<p><strong>Se mettre <a href=\"https:\/\/atelieralaiseensoimeme.jcbl.fr\/presentation\" data-type=\"page\" data-id=\"29\">\u00e0 l\u2019aise en soi-m\u00eame<\/a> pour s\u2019autoriser \u00e0 r\u00e9aliser un r\u00eave<\/strong><\/p>\n\n\n\n<p><strong>Se mettre <a href=\"https:\/\/atelieralaiseensoimeme.jcbl.fr\/presentation\" data-type=\"page\" data-id=\"29\">\u00e0 l\u2019aise en soi-m\u00eame<\/a> \u00e0 propos de l\u2019adoption<\/strong><\/p>\n\n\n\n<p><strong>Se mettre <a data-type=\"page\" data-id=\"29\" href=\"https:\/\/atelieralaiseensoimeme.jcbl.fr\/presentation\">\u00e0 l\u2019aise<\/a> pour rep\u00e9rer ses <a href=\"https:\/\/atelieralaiseensoimeme.jcbl.fr\/?page_id=29\">besoins<\/a> puis accepter d\u2019en tenir compte<\/strong><\/p>\n\n\n\n<p><strong>Se mettre <a data-type=\"page\" data-id=\"29\" href=\"https:\/\/atelieralaiseensoimeme.jcbl.fr\/presentation\">\u00e0 l\u2019aise en soi-m\u00eame<\/a> et sortir petit \u00e0 petit de l\u2019inhibition<\/strong><\/p>\n\n\n\n<p><strong>Se mettre <a href=\"https:\/\/atelieralaiseensoimeme.jcbl.fr\/?page_id=29\">\u00e0 l&rsquo;aise en soi-m\u00eame<\/a> pour devenir une maman, un papa, pour soi-m\u00eame<\/strong>, c&rsquo;est \u00e0 dire <a href=\"https:\/\/atelieralaiseensoimeme.jcbl.fr\/?page_id=29\">s&rsquo;auto-parenter<\/a> <\/p>\n\n\n\n<p> <strong>Se mettre <a href=\"https:\/\/atelieralaiseensoimeme.jcbl.fr\/presentation\" data-type=\"page\" data-id=\"29\">\u00e0 l\u2019aise en soi-m\u00eame<\/a> pour faire appel \u00e0 ses racines<\/strong><\/p>\n\n\n\n<p><strong>Se mettre <a href=\"https:\/\/atelieralaiseensoimeme.jcbl.fr\/presentation\" data-type=\"page\" data-id=\"29\">\u00e0 l\u2019aise en soi-m\u00eame<\/a> pour sortir d\u2019une addiction<\/strong><\/p>\n\n\n\n<p><strong>Se mettre <a href=\"https:\/\/atelieralaiseensoimeme.jcbl.fr\/presentation\" data-type=\"page\" data-id=\"29\">\u00e0 l\u2019aise en soi-m\u00eame<\/a> pour modifier sa trajectoire de vie<\/strong><\/p>\n\n\n\n<p>Pour prendre connaissance des autres ateliers, cliquer ici sur <a href=\"https:\/\/atelieralaiseensoimeme.jcbl.fr\/?page_id=619\">Offres de l\u2019Atelier<\/a><\/p>\n\n\n\n<h2 class=\"wp-block-heading\" id=\"en-pratique\">En pratique :<\/h2>\n\n\n\n<p>Vous r\u00e9servez un cr\u00e9neau de 25 minutes ou de 55 minutes, ou bien nous convenons d\u2019une dur\u00e9e personnalis\u00e9e sur devis<\/p>\n\n\n\n<h2 class=\"wp-block-heading\" id=\"lieu-d-intervention\">Lieu d\u2019intervention<\/h2>\n\n\n\n<ul class=\"wp-block-list\"><li>Intervention dans les locaux de l\u2019Atelier<\/li><li>Intervention dans la nature<\/li><\/ul>\n\n\n\n<h2 class=\"wp-block-heading\" id=\"reservation\">R\u00e9servation :<\/h2>\n\n\n\n<ul class=\"wp-block-list\"><li><strong>Cliquez <a href=\"https:\/\/atelieralaiseensoimeme.jcbl.fr\/?page_id=34\">ici<\/a> <\/strong><\/li><li>Pour plus d\u2019informations (et notamment pour l\u2019\u00e9tablissement d\u2019un devis) : cliquez <a href=\"https:\/\/atelieralaiseensoimeme.jcbl.fr\/?page_id=39\">ici<\/a><\/li><\/ul>\n","protected":false},"excerpt":{"rendered":"<p>Pour qui ? Je re\u00e7ois les enfants, les adolescents, les adultes, en qu\u00eate de stabilit\u00e9, ou en recherche de changement. Pour quoi ? Pour vous accompagner sur la recherche de votre potentiel en vous entra\u00eenant \u00e0 vous mettre \u00e0 l\u2019aise en vous-m\u00eame. A vous de d\u00e9terminer vers quoi vous voulez aller. Exp\u00e9rimentons ensemble comment cheminer [&hellip;]<\/p>\n","protected":false},"author":1,"featured_media":0,"parent":0,"menu_order":0,"comment_status":"closed","ping_status":"closed","template":"","meta":{"footnotes":""},"class_list":["post-222","page","type-page","status-publish","hentry"],"yoast_head":"<!-- This site is optimized with the Yoast SEO plugin v27.5 - https:\/\/yoast.com\/product\/yoast-seo-wordpress\/ -->\n<title>Ateliers individuels - ATELIER A L AISE EN SOI MEME<\/title>\n<meta name=\"robots\" content=\"noindex, follow, max-snippet:-1, max-image-preview:large, max-video-preview:-1\" \/>\n<meta property=\"og:locale\" content=\"fr_FR\" \/>\n<meta property=\"og:type\" content=\"article\" \/>\n<meta property=\"og:title\" content=\"Ateliers individuels - ATELIER A L AISE EN SOI MEME\" \/>\n<meta property=\"og:description\" content=\"Pour qui ? Je re\u00e7ois les enfants, les adolescents, les adultes, en qu\u00eate de stabilit\u00e9, ou en recherche de changement. Pour quoi ? Pour vous accompagner sur la recherche de votre potentiel en vous entra\u00eenant \u00e0 vous mettre \u00e0 l\u2019aise en vous-m\u00eame. A vous de d\u00e9terminer vers quoi vous voulez aller. Exp\u00e9rimentons ensemble comment cheminer [&hellip;]\" \/>\n<meta property=\"og:url\" content=\"https:\/\/atelieralaiseensoimeme.jcbl.fr\/?page_id=222\" \/>\n<meta property=\"og:site_name\" content=\"ATELIER A L AISE EN SOI MEME\" \/>\n<meta property=\"article:modified_time\" content=\"2022-02-17T08:53:28+00:00\" \/>\n<meta name=\"twitter:card\" content=\"summary_large_image\" \/>\n<meta name=\"twitter:label1\" content=\"Dur\u00e9e de lecture estim\u00e9e\" \/>\n\t<meta name=\"twitter:data1\" content=\"6 minutes\" \/>\n<script type=\"application\/ld+json\" class=\"yoast-schema-graph\">{\"@context\":\"https:\\\/\\\/schema.org\",\"@graph\":[{\"@type\":\"WebPage\",\"@id\":\"https:\\\/\\\/atelieralaiseensoimeme.jcbl.fr\\\/?page_id=222\",\"url\":\"https:\\\/\\\/atelieralaiseensoimeme.jcbl.fr\\\/?page_id=222\",\"name\":\"Ateliers individuels - ATELIER A L AISE EN SOI MEME\",\"isPartOf\":{\"@id\":\"https:\\\/\\\/atelieralaiseensoimeme.jcbl.fr\\\/#website\"},\"datePublished\":\"2022-01-18T10:29:04+00:00\",\"dateModified\":\"2022-02-17T08:53:28+00:00\",\"breadcrumb\":{\"@id\":\"https:\\\/\\\/atelieralaiseensoimeme.jcbl.fr\\\/?page_id=222#breadcrumb\"},\"inLanguage\":\"fr-FR\",\"potentialAction\":[{\"@type\":\"ReadAction\",\"target\":[\"https:\\\/\\\/atelieralaiseensoimeme.jcbl.fr\\\/?page_id=222\"]}]},{\"@type\":\"BreadcrumbList\",\"@id\":\"https:\\\/\\\/atelieralaiseensoimeme.jcbl.fr\\\/?page_id=222#breadcrumb\",\"itemListElement\":[{\"@type\":\"ListItem\",\"position\":1,\"name\":\"Accueil\",\"item\":\"https:\\\/\\\/atelieralaiseensoimeme.jcbl.fr\\\/\"},{\"@type\":\"ListItem\",\"position\":2,\"name\":\"Ateliers individuels\"}]},{\"@type\":\"WebSite\",\"@id\":\"https:\\\/\\\/atelieralaiseensoimeme.jcbl.fr\\\/#website\",\"url\":\"https:\\\/\\\/atelieralaiseensoimeme.jcbl.fr\\\/\",\"name\":\"ATELIER A L AISE EN SOI MEME\",\"description\":\"Comp\u00e9tences et \u00e9quilibres\",\"publisher\":{\"@id\":\"https:\\\/\\\/atelieralaiseensoimeme.jcbl.fr\\\/#organization\"},\"potentialAction\":[{\"@type\":\"SearchAction\",\"target\":{\"@type\":\"EntryPoint\",\"urlTemplate\":\"https:\\\/\\\/atelieralaiseensoimeme.jcbl.fr\\\/?s={search_term_string}\"},\"query-input\":{\"@type\":\"PropertyValueSpecification\",\"valueRequired\":true,\"valueName\":\"search_term_string\"}}],\"inLanguage\":\"fr-FR\"},{\"@type\":\"Organization\",\"@id\":\"https:\\\/\\\/atelieralaiseensoimeme.jcbl.fr\\\/#organization\",\"name\":\"ATELIER A L'AISE EN SOI-MEME\",\"url\":\"https:\\\/\\\/atelieralaiseensoimeme.jcbl.fr\\\/\",\"logo\":{\"@type\":\"ImageObject\",\"inLanguage\":\"fr-FR\",\"@id\":\"https:\\\/\\\/atelieralaiseensoimeme.jcbl.fr\\\/#\\\/schema\\\/logo\\\/image\\\/\",\"url\":\"https:\\\/\\\/atelieralaiseensoimeme.jcbl.fr\\\/wp-content\\\/uploads\\\/2022\\\/01\\\/cropped-40380018_mOptimized.jpg\",\"contentUrl\":\"https:\\\/\\\/atelieralaiseensoimeme.jcbl.fr\\\/wp-content\\\/uploads\\\/2022\\\/01\\\/cropped-40380018_mOptimized.jpg\",\"width\":512,\"height\":512,\"caption\":\"ATELIER A L'AISE EN SOI-MEME\"},\"image\":{\"@id\":\"https:\\\/\\\/atelieralaiseensoimeme.jcbl.fr\\\/#\\\/schema\\\/logo\\\/image\\\/\"}}]}<\/script>\n<!-- \/ Yoast SEO plugin. -->","yoast_head_json":{"title":"Ateliers individuels - ATELIER A L AISE EN SOI MEME","robots":{"index":"noindex","follow":"follow","max-snippet":"max-snippet:-1","max-image-preview":"max-image-preview:large","max-video-preview":"max-video-preview:-1"},"og_locale":"fr_FR","og_type":"article","og_title":"Ateliers individuels - ATELIER A L AISE EN SOI MEME","og_description":"Pour qui ? Je re\u00e7ois les enfants, les adolescents, les adultes, en qu\u00eate de stabilit\u00e9, ou en recherche de changement. Pour quoi ? Pour vous accompagner sur la recherche de votre potentiel en vous entra\u00eenant \u00e0 vous mettre \u00e0 l\u2019aise en vous-m\u00eame. A vous de d\u00e9terminer vers quoi vous voulez aller. Exp\u00e9rimentons ensemble comment cheminer [&hellip;]","og_url":"https:\/\/atelieralaiseensoimeme.jcbl.fr\/?page_id=222","og_site_name":"ATELIER A L AISE EN SOI MEME","article_modified_time":"2022-02-17T08:53:28+00:00","twitter_card":"summary_large_image","twitter_misc":{"Dur\u00e9e de lecture estim\u00e9e":"6 minutes"},"schema":{"@context":"https:\/\/schema.org","@graph":[{"@type":"WebPage","@id":"https:\/\/atelieralaiseensoimeme.jcbl.fr\/?page_id=222","url":"https:\/\/atelieralaiseensoimeme.jcbl.fr\/?page_id=222","name":"Ateliers individuels - ATELIER A L AISE EN SOI MEME","isPartOf":{"@id":"https:\/\/atelieralaiseensoimeme.jcbl.fr\/#website"},"datePublished":"2022-01-18T10:29:04+00:00","dateModified":"2022-02-17T08:53:28+00:00","breadcrumb":{"@id":"https:\/\/atelieralaiseensoimeme.jcbl.fr\/?page_id=222#breadcrumb"},"inLanguage":"fr-FR","potentialAction":[{"@type":"ReadAction","target":["https:\/\/atelieralaiseensoimeme.jcbl.fr\/?page_id=222"]}]},{"@type":"BreadcrumbList","@id":"https:\/\/atelieralaiseensoimeme.jcbl.fr\/?page_id=222#breadcrumb","itemListElement":[{"@type":"ListItem","position":1,"name":"Accueil","item":"https:\/\/atelieralaiseensoimeme.jcbl.fr\/"},{"@type":"ListItem","position":2,"name":"Ateliers individuels"}]},{"@type":"WebSite","@id":"https:\/\/atelieralaiseensoimeme.jcbl.fr\/#website","url":"https:\/\/atelieralaiseensoimeme.jcbl.fr\/","name":"ATELIER A L AISE EN SOI MEME","description":"Comp\u00e9tences et \u00e9quilibres","publisher":{"@id":"https:\/\/atelieralaiseensoimeme.jcbl.fr\/#organization"},"potentialAction":[{"@type":"SearchAction","target":{"@type":"EntryPoint","urlTemplate":"https:\/\/atelieralaiseensoimeme.jcbl.fr\/?s={search_term_string}"},"query-input":{"@type":"PropertyValueSpecification","valueRequired":true,"valueName":"search_term_string"}}],"inLanguage":"fr-FR"},{"@type":"Organization","@id":"https:\/\/atelieralaiseensoimeme.jcbl.fr\/#organization","name":"ATELIER A L'AISE EN SOI-MEME","url":"https:\/\/atelieralaiseensoimeme.jcbl.fr\/","logo":{"@type":"ImageObject","inLanguage":"fr-FR","@id":"https:\/\/atelieralaiseensoimeme.jcbl.fr\/#\/schema\/logo\/image\/","url":"https:\/\/atelieralaiseensoimeme.jcbl.fr\/wp-content\/uploads\/2022\/01\/cropped-40380018_mOptimized.jpg","contentUrl":"https:\/\/atelieralaiseensoimeme.jcbl.fr\/wp-content\/uploads\/2022\/01\/cropped-40380018_mOptimized.jpg","width":512,"height":512,"caption":"ATELIER A L'AISE EN SOI-MEME"},"image":{"@id":"https:\/\/atelieralaiseensoimeme.jcbl.fr\/#\/schema\/logo\/image\/"}}]}},"_links":{"self":[{"href":"https:\/\/atelieralaiseensoimeme.jcbl.fr\/index.php?rest_route=\/wp\/v2\/pages\/222","targetHints":{"allow":["GET"]}}],"collection":[{"href":"https:\/\/atelieralaiseensoimeme.jcbl.fr\/index.php?rest_route=\/wp\/v2\/pages"}],"about":[{"href":"https:\/\/atelieralaiseensoimeme.jcbl.fr\/index.php?rest_route=\/wp\/v2\/types\/page"}],"author":[{"embeddable":true,"href":"https:\/\/atelieralaiseensoimeme.jcbl.fr\/index.php?rest_route=\/wp\/v2\/users\/1"}],"replies":[{"embeddable":true,"href":"https:\/\/atelieralaiseensoimeme.jcbl.fr\/index.php?rest_route=%2Fwp%2Fv2%2Fcomments&post=222"}],"version-history":[{"count":17,"href":"https:\/\/atelieralaiseensoimeme.jcbl.fr\/index.php?rest_route=\/wp\/v2\/pages\/222\/revisions"}],"predecessor-version":[{"id":632,"href":"https:\/\/atelieralaiseensoimeme.jcbl.fr\/index.php?rest_route=\/wp\/v2\/pages\/222\/revisions\/632"}],"wp:attachment":[{"href":"https:\/\/atelieralaiseensoimeme.jcbl.fr\/index.php?rest_route=%2Fwp%2Fv2%2Fmedia&parent=222"}],"curies":[{"name":"wp","href":"https:\/\/api.w.org\/{rel}","templated":true}]}}